{"id":1617,"date":"2022-01-17T10:15:21","date_gmt":"2022-01-17T08:15:21","guid":{"rendered":"https:\/\/craftor.se\/?page_id=1617"},"modified":"2025-08-22T14:48:27","modified_gmt":"2025-08-22T12:48:27","slug":"visselblasare","status":"publish","type":"page","link":"https:\/\/craftor.se\/en\/visselblasare\/","title":{"rendered":"Whistleblowing function"},"content":{"rendered":"<div data-elementor-type=\"wp-page\" data-elementor-id=\"1617\" class=\"elementor elementor-1617\" data-elementor-post-type=\"page\">\n\t\t\t\t<div class=\"elementor-element elementor-element-52f7dd57 e-flex e-con-boxed e-con e-parent\" data-id=\"52f7dd57\" data-element_type=\"container\">\n\t\t\t\t\t<div class=\"e-con-inner\">\n\t\t\t\t<div class=\"elementor-element elementor-element-62c99edf elementor-widget elementor-widget-text-editor\" data-id=\"62c99edf\" data-element_type=\"widget\" data-widget_type=\"text-editor.default\">\n\t\t\t\t<div class=\"elementor-widget-container\">\n\t\t\t\t\t\t\t\t\t\n<p class=\"has-text-align-left\">Craftor AB is part of Eleda and we are committed to upholding high business ethics and fostering an open business environment across all our interactions. We strive to act in accordance with laws, our values and our code of conduct. If you suspect any irregularities or violations related to Craftor, you have the option to report them through our whistle-blower system. All cases are handled confidentially and the reporting channel is encrypted and password protected. To ensure anonymity, we have engaged a third-party provider, Hellstr\u00f6m Law Firm, which also evaluates incoming cases. <\/p>\n\n\n\n<p class=\"has-text-align-left\">For more information about our whistle-blower system, including the whistle-blower policy, how to report irregularities and your rights as a whistle-blower, please visit: <a href=\"https:\/\/eledawhistleblowing.hwrs.se\" target=\"_blank\" rel=\"noreferrer noopener\">https:\/\/eledawhistleblowing.hwrs.se<\/a>.<\/p>\n\t\t\t\t\t\t\t\t<\/div>\n\t\t\t\t<\/div>\n\t\t\t\t<div class=\"elementor-element elementor-element-abdeec9 elementor-widget elementor-widget-spacer\" data-id=\"abdeec9\" data-element_type=\"widget\" data-widget_type=\"spacer.default\">\n\t\t\t\t<div class=\"elementor-widget-container\">\n\t\t\t\t\t\t\t<div class=\"elementor-spacer\">\n\t\t\t<div class=\"elementor-spacer-inner\"><\/div>\n\t\t<\/div>\n\t\t\t\t\t\t<\/div>\n\t\t\t\t<\/div>\n\t\t\t\t\t<\/div>\n\t\t\t\t<\/div>\n\t\t\t\t<\/div>","protected":false},"excerpt":{"rendered":"<p>Craftor AB ing\u00e5r i Eledakoncernen. V\u00e5r ambition \u00e4r att uppr\u00e4tth\u00e5lla en h\u00f6g aff\u00e4rsetik och ett \u00f6ppet aff\u00e4rsklimat i alla v\u00e5ra kontaktytor. Vi vill g\u00f6ra r\u00e4tt, f\u00f6lja lagar, v\u00e5ra v\u00e4rderingar och v\u00e5r uppf\u00f6randekod. Om du misst\u00e4nker missf\u00f6rh\u00e5llanden eller \u00f6vertr\u00e4delser r\u00f6rande Craftor kan du rapportera det i v\u00e5rt visselbl\u00e5sarsystem. Du som visselbl\u00e5sare erbjuds m\u00f6jligheten att rapportera anonymt, [&hellip;]<\/p>","protected":false},"author":1,"featured_media":2888,"parent":0,"menu_order":0,"comment_status":"closed","ping_status":"closed","template":"","meta":{"_acf_changed":false,"footnotes":""},"class_list":["post-1617","page","type-page","status-publish","has-post-thumbnail","hentry"],"acf":[],"_links":{"self":[{"href":"https:\/\/craftor.se\/en\/wp-json\/wp\/v2\/pages\/1617","targetHints":{"allow":["GET"]}}],"collection":[{"href":"https:\/\/craftor.se\/en\/wp-json\/wp\/v2\/pages"}],"about":[{"href":"https:\/\/craftor.se\/en\/wp-json\/wp\/v2\/types\/page"}],"author":[{"embeddable":true,"href":"https:\/\/craftor.se\/en\/wp-json\/wp\/v2\/users\/1"}],"replies":[{"embeddable":true,"href":"https:\/\/craftor.se\/en\/wp-json\/wp\/v2\/comments?post=1617"}],"version-history":[{"count":3,"href":"https:\/\/craftor.se\/en\/wp-json\/wp\/v2\/pages\/1617\/revisions"}],"predecessor-version":[{"id":3600,"href":"https:\/\/craftor.se\/en\/wp-json\/wp\/v2\/pages\/1617\/revisions\/3600"}],"wp:featuredmedia":[{"embeddable":true,"href":"https:\/\/craftor.se\/en\/wp-json\/wp\/v2\/media\/2888"}],"wp:attachment":[{"href":"https:\/\/craftor.se\/en\/wp-json\/wp\/v2\/media?parent=1617"}],"curies":[{"name":"wp","href":"https:\/\/api.w.org\/{rel}","templated":true}]}}