{"id":2380,"date":"2023-09-13T08:26:01","date_gmt":"2023-09-13T06:26:01","guid":{"rendered":"https:\/\/craftor.se\/?page_id=2380"},"modified":"2025-08-22T14:44:43","modified_gmt":"2025-08-22T12:44:43","slug":"hallbarhet","status":"publish","type":"page","link":"https:\/\/craftor.se\/en\/hallbarhet\/","title":{"rendered":"Sustainability"},"content":{"rendered":"<div data-elementor-type=\"wp-page\" data-elementor-id=\"2380\" class=\"elementor elementor-2380\" data-elementor-post-type=\"page\">\n\t\t\t\t<div class=\"elementor-element elementor-element-5f65e61 e-con-full e-flex e-con e-parent\" data-id=\"5f65e61\" data-element_type=\"container\">\n\t\t\t\t<div class=\"elementor-element elementor-element-a50d968 elementor-widget elementor-widget-image\" data-id=\"a50d968\" data-element_type=\"widget\" data-widget_type=\"image.default\">\n\t\t\t\t<div class=\"elementor-widget-container\">\n\t\t\t\t\t\t\t\t\t\t\t\t\t\t\t<img fetchpriority=\"high\" decoding=\"async\" width=\"800\" height=\"363\" src=\"https:\/\/craftor.se\/wp-content\/uploads\/2023\/09\/Hallbarhet-1.png\" class=\"attachment-large size-large wp-image-2998\" alt=\"\" srcset=\"https:\/\/craftor.se\/wp-content\/uploads\/2023\/09\/Hallbarhet-1.png 1258w, https:\/\/craftor.se\/wp-content\/uploads\/2023\/09\/Hallbarhet-1-640x290.png 640w, https:\/\/craftor.se\/wp-content\/uploads\/2023\/09\/Hallbarhet-1-768x349.png 768w\" sizes=\"(max-width: 800px) 100vw, 800px\" \/>\t\t\t\t\t\t\t\t\t\t\t\t\t\t\t<\/div>\n\t\t\t\t<\/div>\n\t\t\t\t<\/div>\n\t\t<div class=\"elementor-element elementor-element-c0824c4 e-con-full e-flex e-con e-parent\" data-id=\"c0824c4\" data-element_type=\"container\">\n\t\t\t\t<div class=\"elementor-element elementor-element-1baa9d8 elementor-widget elementor-widget-text-editor\" data-id=\"1baa9d8\" data-element_type=\"widget\" data-widget_type=\"text-editor.default\">\n\t\t\t\t<div class=\"elementor-widget-container\">\n\t\t\t\t\t\t\t\t\t<p>Electrifying society is a crucial puzzle piece in the transition to a carbon-neutral community. However, expanding our electrical grid also demands resources in the form of materials and fuel, for instance, in the use of work vehicles and transportation. At Craftor, we aim to contribute to an industry transformation. We want to discover new, smarter solutions to minimize climate and environmental impact while maintaining the positive influence our operations have.<\/p><p>The foundation of Craftor's sustainability efforts lies in our sustainability framework. The framework is divided into four focus areas: <em>Employees, Climate and Resources, Ethics and Responsibility in the Supply Chain<\/em> , and <em>Collaboration and Social Responsibility<\/em>It is within these areas that we have the greatest impact or the opportunity to positively influence our surroundings. For each area, there are long-term overarching goals, as well as goals and activities for the current year, to ensure that we are moving in the right direction (see Sustainability Goals).<\/p>\t\t\t\t\t\t\t\t<\/div>\n\t\t\t\t<\/div>\n\t\t\t\t<\/div>\n\t\t<div class=\"elementor-element elementor-element-fe78bf0 e-flex e-con-boxed e-con e-parent\" data-id=\"fe78bf0\" data-element_type=\"container\">\n\t\t\t\t\t<div class=\"e-con-inner\">\n\t\t\t\t\t<\/div>\n\t\t\t\t<\/div>\n\t\t<div class=\"elementor-element elementor-element-4e0b7e7 e-con-full e-flex e-con e-parent\" data-id=\"4e0b7e7\" data-element_type=\"container\">\n\t\t<div class=\"elementor-element elementor-element-0ddeca0 e-con-full e-flex e-con e-child\" data-id=\"0ddeca0\" data-element_type=\"container\">\n\t\t\t\t<div class=\"elementor-element elementor-element-08d433d elementor-widget elementor-widget-image\" data-id=\"08d433d\" data-element_type=\"widget\" data-widget_type=\"image.default\">\n\t\t\t\t<div class=\"elementor-widget-container\">\n\t\t\t\t\t\t\t\t\t\t\t\t\t\t\t\t<a href=\"https:\/\/craftor.se\/en\/hallbarhetsmal\/\">\n\t\t\t\t\t\t\t<img decoding=\"async\" width=\"800\" height=\"534\" src=\"https:\/\/craftor.se\/wp-content\/uploads\/2023\/09\/MG_7482-Emma-Forsgren-Heldring.jpg\" class=\"attachment-large size-large wp-image-2821\" alt=\"\" srcset=\"https:\/\/craftor.se\/wp-content\/uploads\/2023\/09\/MG_7482-Emma-Forsgren-Heldring.jpg 1348w, https:\/\/craftor.se\/wp-content\/uploads\/2023\/09\/MG_7482-Emma-Forsgren-Heldring-640x427.jpg 640w, https:\/\/craftor.se\/wp-content\/uploads\/2023\/09\/MG_7482-Emma-Forsgren-Heldring-768x512.jpg 768w\" sizes=\"(max-width: 800px) 100vw, 800px\" \/>\t\t\t\t\t\t\t\t<\/a>\n\t\t\t\t\t\t\t\t\t\t\t\t\t\t\t<\/div>\n\t\t\t\t<\/div>\n\t\t\t\t<div class=\"elementor-element elementor-element-fe55afa elementor-widget elementor-widget-heading\" data-id=\"fe55afa\" data-element_type=\"widget\" data-widget_type=\"heading.default\">\n\t\t\t\t<div class=\"elementor-widget-container\">\n\t\t\t\t\t<h2 class=\"elementor-heading-title elementor-size-default\">Employees<\/h2>\t\t\t\t<\/div>\n\t\t\t\t<\/div>\n\t\t\t\t<\/div>\n\t\t<div class=\"elementor-element elementor-element-5dac743 e-con-full e-flex e-con e-child\" data-id=\"5dac743\" data-element_type=\"container\">\n\t\t\t\t<div class=\"elementor-element elementor-element-1769618 elementor-widget elementor-widget-image\" data-id=\"1769618\" data-element_type=\"widget\" data-widget_type=\"image.default\">\n\t\t\t\t<div class=\"elementor-widget-container\">\n\t\t\t\t\t\t\t\t\t\t\t\t\t\t\t\t<a href=\"https:\/\/craftor.se\/en\/hallbarhetsmal\/\">\n\t\t\t\t\t\t\t<img decoding=\"async\" width=\"800\" height=\"534\" src=\"https:\/\/craftor.se\/wp-content\/uploads\/2024\/04\/E5A7447-1600x1067.jpg\" class=\"attachment-large size-large wp-image-3236\" alt=\"\" srcset=\"https:\/\/craftor.se\/wp-content\/uploads\/2024\/04\/E5A7447-1600x1067.jpg 1600w, https:\/\/craftor.se\/wp-content\/uploads\/2024\/04\/E5A7447-640x427.jpg 640w, https:\/\/craftor.se\/wp-content\/uploads\/2024\/04\/E5A7447-768x512.jpg 768w, https:\/\/craftor.se\/wp-content\/uploads\/2024\/04\/E5A7447-1536x1024.jpg 1536w, https:\/\/craftor.se\/wp-content\/uploads\/2024\/04\/E5A7447-2048x1365.jpg 2048w, https:\/\/craftor.se\/wp-content\/uploads\/2024\/04\/E5A7447-18x12.jpg 18w\" sizes=\"(max-width: 800px) 100vw, 800px\" \/>\t\t\t\t\t\t\t\t<\/a>\n\t\t\t\t\t\t\t\t\t\t\t\t\t\t\t<\/div>\n\t\t\t\t<\/div>\n\t\t\t\t<div class=\"elementor-element elementor-element-f7c3422 elementor-widget elementor-widget-heading\" data-id=\"f7c3422\" data-element_type=\"widget\" data-widget_type=\"heading.default\">\n\t\t\t\t<div class=\"elementor-widget-container\">\n\t\t\t\t\t<h2 class=\"elementor-heading-title elementor-size-default\">Climate and Resources<\/h2>\t\t\t\t<\/div>\n\t\t\t\t<\/div>\n\t\t\t\t<\/div>\n\t\t<div class=\"elementor-element elementor-element-a922f3f e-con-full e-flex e-con e-child\" data-id=\"a922f3f\" data-element_type=\"container\">\n\t\t\t\t<div class=\"elementor-element elementor-element-e500d5a elementor-widget elementor-widget-image\" data-id=\"e500d5a\" data-element_type=\"widget\" data-widget_type=\"image.default\">\n\t\t\t\t<div class=\"elementor-widget-container\">\n\t\t\t\t\t\t\t\t\t\t\t\t\t\t\t\t<a href=\"https:\/\/craftor.se\/en\/hallbarhetsmal\/\">\n\t\t\t\t\t\t\t<img loading=\"lazy\" decoding=\"async\" width=\"800\" height=\"534\" src=\"https:\/\/craftor.se\/wp-content\/uploads\/2024\/03\/MG_8751-1600x1067.jpg\" class=\"attachment-large size-large wp-image-3190\" alt=\"\" srcset=\"https:\/\/craftor.se\/wp-content\/uploads\/2024\/03\/MG_8751-1600x1067.jpg 1600w, https:\/\/craftor.se\/wp-content\/uploads\/2024\/03\/MG_8751-640x427.jpg 640w, https:\/\/craftor.se\/wp-content\/uploads\/2024\/03\/MG_8751-768x512.jpg 768w, https:\/\/craftor.se\/wp-content\/uploads\/2024\/03\/MG_8751-1536x1024.jpg 1536w, https:\/\/craftor.se\/wp-content\/uploads\/2024\/03\/MG_8751-2048x1365.jpg 2048w, https:\/\/craftor.se\/wp-content\/uploads\/2024\/03\/MG_8751-18x12.jpg 18w\" sizes=\"(max-width: 800px) 100vw, 800px\" \/>\t\t\t\t\t\t\t\t<\/a>\n\t\t\t\t\t\t\t\t\t\t\t\t\t\t\t<\/div>\n\t\t\t\t<\/div>\n\t\t\t\t<div class=\"elementor-element elementor-element-b8627f6 elementor-widget elementor-widget-heading\" data-id=\"b8627f6\" data-element_type=\"widget\" data-widget_type=\"heading.default\">\n\t\t\t\t<div class=\"elementor-widget-container\">\n\t\t\t\t\t<h2 class=\"elementor-heading-title elementor-size-default\">Ethics and Responsibility in the Supply Chain<\/h2>\t\t\t\t<\/div>\n\t\t\t\t<\/div>\n\t\t\t\t<\/div>\n\t\t<div class=\"elementor-element elementor-element-51608f4 e-con-full e-flex e-con e-child\" data-id=\"51608f4\" data-element_type=\"container\">\n\t\t\t\t<div class=\"elementor-element elementor-element-9edc87c elementor-widget elementor-widget-image\" data-id=\"9edc87c\" data-element_type=\"widget\" data-widget_type=\"image.default\">\n\t\t\t\t<div class=\"elementor-widget-container\">\n\t\t\t\t\t\t\t\t\t\t\t\t\t\t\t\t<a href=\"https:\/\/craftor.se\/en\/hallbarhetsmal\/\">\n\t\t\t\t\t\t\t<img loading=\"lazy\" decoding=\"async\" width=\"800\" height=\"534\" src=\"https:\/\/craftor.se\/wp-content\/uploads\/2024\/04\/E5A7939-1600x1067.jpg\" class=\"attachment-large size-large wp-image-3237\" alt=\"\" srcset=\"https:\/\/craftor.se\/wp-content\/uploads\/2024\/04\/E5A7939-1600x1067.jpg 1600w, https:\/\/craftor.se\/wp-content\/uploads\/2024\/04\/E5A7939-640x427.jpg 640w, https:\/\/craftor.se\/wp-content\/uploads\/2024\/04\/E5A7939-768x512.jpg 768w, https:\/\/craftor.se\/wp-content\/uploads\/2024\/04\/E5A7939-1536x1024.jpg 1536w, https:\/\/craftor.se\/wp-content\/uploads\/2024\/04\/E5A7939-2048x1365.jpg 2048w, https:\/\/craftor.se\/wp-content\/uploads\/2024\/04\/E5A7939-18x12.jpg 18w\" sizes=\"(max-width: 800px) 100vw, 800px\" \/>\t\t\t\t\t\t\t\t<\/a>\n\t\t\t\t\t\t\t\t\t\t\t\t\t\t\t<\/div>\n\t\t\t\t<\/div>\n\t\t\t\t<div class=\"elementor-element elementor-element-d5d1987 elementor-widget elementor-widget-heading\" data-id=\"d5d1987\" data-element_type=\"widget\" data-widget_type=\"heading.default\">\n\t\t\t\t<div class=\"elementor-widget-container\">\n\t\t\t\t\t<h2 class=\"elementor-heading-title elementor-size-default\">Collaboration and Social Responsibility<\/h2>\t\t\t\t<\/div>\n\t\t\t\t<\/div>\n\t\t\t\t<\/div>\n\t\t\t\t<\/div>\n\t\t<div class=\"elementor-element elementor-element-048b546 e-flex e-con-boxed e-con e-parent\" data-id=\"048b546\" data-element_type=\"container\">\n\t\t\t\t\t<div class=\"e-con-inner\">\n\t\t\t\t<div class=\"elementor-element elementor-element-6e1eff0 elementor-widget elementor-widget-text-editor\" data-id=\"6e1eff0\" data-element_type=\"widget\" data-widget_type=\"text-editor.default\">\n\t\t\t\t<div class=\"elementor-widget-container\">\n\t\t\t\t\t\t\t\t\t<p>At Craftor, everyone is involved in sustainability efforts, and we continuously evolve our sustainability practices to create as much value as possible. As a power contractor involved in designing and expanding Sweden's electrical grid, we contribute to the transition to a fossil-free society through our operations. However, considering the substantial expansion needed for the electrical grid in the future, we recognize the importance of the industry focusing on <em>how<\/em> we build and the materials and products we use. This is a crucial step in reducing both our and the entire industry's climate impact. Craftor's primary focus is to, together with our customers and suppliers, explore and\/or develop alternative, more climate-adapted methods, services, products, and materials. The goal is to minimize the negative impact of our operations while retaining and enhancing the positive influence we exert.<\/p>\t\t\t\t\t\t\t\t<\/div>\n\t\t\t\t<\/div>\n\t\t\t\t\t<\/div>\n\t\t\t\t<\/div>\n\t\t<div class=\"elementor-element elementor-element-c872f9c e-flex e-con-boxed e-con e-parent\" data-id=\"c872f9c\" data-element_type=\"container\">\n\t\t\t\t\t<div class=\"e-con-inner\">\n\t\t\t\t<div class=\"elementor-element elementor-element-d659f96 elementor-widget elementor-widget-button\" data-id=\"d659f96\" data-element_type=\"widget\" data-widget_type=\"button.default\">\n\t\t\t\t<div class=\"elementor-widget-container\">\n\t\t\t\t\t\t\t\t\t<div class=\"elementor-button-wrapper\">\n\t\t\t\t\t<a class=\"elementor-button elementor-button-link elementor-size-sm\" href=\"https:\/\/eleda.se\/app\/uploads\/2024\/03\/eleda-hallbarhetsrapport-2023.pdf\" target=\"_blank\" rel=\"noopener\">\n\t\t\t\t\t\t<span class=\"elementor-button-content-wrapper\">\n\t\t\t\t\t\t<span class=\"elementor-button-icon\">\n\t\t\t\t<i aria-hidden=\"true\" class=\"fas fa-leaf\"><\/i>\t\t\t<\/span>\n\t\t\t\t\t\t\t\t\t<span class=\"elementor-button-text\">Eleda H\u00e5llbarhetsrapport 2023<\/span>\n\t\t\t\t\t<\/span>\n\t\t\t\t\t<\/a>\n\t\t\t\t<\/div>\n\t\t\t\t\t\t\t\t<\/div>\n\t\t\t\t<\/div>\n\t\t\t\t\t<\/div>\n\t\t\t\t<\/div>\n\t\t\t\t<\/div>","protected":false},"excerpt":{"rendered":"<p>Elektrifiering av samh\u00e4llet \u00e4r en viktig pusselbit i omst\u00e4llningen mot ett koldioxidneutralt samh\u00e4lle. Men utbyggnaden av v\u00e5rt eln\u00e4t kr\u00e4ver ocks\u00e5 resurser i form av material och br\u00e4nsle, exempelvis vid anv\u00e4ndandet av arbetsfordon och transporter. Vi p\u00e5 Craftor vill bidra till en f\u00f6r\u00e4ndring av branschen. Vi vill hitta nya, smartare l\u00f6sningar f\u00f6r att minimera klimat- och [&hellip;]<\/p>","protected":false},"author":29,"featured_media":2793,"parent":0,"menu_order":0,"comment_status":"closed","ping_status":"closed","template":"","meta":{"_acf_changed":false,"footnotes":""},"class_list":["post-2380","page","type-page","status-publish","has-post-thumbnail","hentry"],"acf":[],"_links":{"self":[{"href":"https:\/\/craftor.se\/en\/wp-json\/wp\/v2\/pages\/2380","targetHints":{"allow":["GET"]}}],"collection":[{"href":"https:\/\/craftor.se\/en\/wp-json\/wp\/v2\/pages"}],"about":[{"href":"https:\/\/craftor.se\/en\/wp-json\/wp\/v2\/types\/page"}],"author":[{"embeddable":true,"href":"https:\/\/craftor.se\/en\/wp-json\/wp\/v2\/users\/29"}],"replies":[{"embeddable":true,"href":"https:\/\/craftor.se\/en\/wp-json\/wp\/v2\/comments?post=2380"}],"version-history":[{"count":4,"href":"https:\/\/craftor.se\/en\/wp-json\/wp\/v2\/pages\/2380\/revisions"}],"predecessor-version":[{"id":3597,"href":"https:\/\/craftor.se\/en\/wp-json\/wp\/v2\/pages\/2380\/revisions\/3597"}],"wp:featuredmedia":[{"embeddable":true,"href":"https:\/\/craftor.se\/en\/wp-json\/wp\/v2\/media\/2793"}],"wp:attachment":[{"href":"https:\/\/craftor.se\/en\/wp-json\/wp\/v2\/media?parent=2380"}],"curies":[{"name":"wp","href":"https:\/\/api.w.org\/{rel}","templated":true}]}}