{"id":2891,"date":"2023-09-21T11:11:11","date_gmt":"2023-09-21T09:11:11","guid":{"rendered":"https:\/\/craftor.se\/?page_id=2891"},"modified":"2024-04-22T15:33:42","modified_gmt":"2024-04-22T13:33:42","slug":"miljo-och-klimatarbete","status":"publish","type":"page","link":"https:\/\/craftor.se\/en\/miljo-och-klimatarbete\/","title":{"rendered":"Environmental and Climate Work"},"content":{"rendered":"<p>Addressing global warming stands as one of humanity's paramount challenges, and we all share the responsibility to contribute solutions and curtail our climate impact for the well-being of future generations. At Craftor, we've set an ambitious goal to achieve climate neutrality throughout our entire value chain by 2045 and to halve our climate impact by 2030.<\/p>\n\n\n\n<p>Det \u00e4r ett tufft m\u00e5l och f\u00f6r att lyckas kommer vi beh\u00f6va kroka arm med b\u00e5de v\u00e5ra kunder och v\u00e5ra leverant\u00f6rer. Till att b\u00f6rja med beh\u00f6vs en f\u00f6rst\u00e5else f\u00f6r var i v\u00e5r v\u00e4rdekedja de st\u00f6rsta utsl\u00e4ppen uppst\u00e5r. D\u00e4rf\u00f6r kartlade vi utsl\u00e4ppen i hela v\u00e5r v\u00e4rdekedja, det s\u00e5 kallade scope 3, under 2023. Vi agerar allteftersom vi l\u00e4r oss mer och har intern kompetens som st\u00f6ttar v\u00e5ra projekt i klimat- och milj\u00f6fr\u00e5gor.<\/p>\n\n\n\n<p>Men vi arbetar \u00e4ven med utsl\u00e4ppen som genereras fr\u00e5n v\u00e5r verksamhet, de s\u00e5 kallade scope 1 och 2. Dessa best\u00e5r till stor del av utsl\u00e4pp fr\u00e5n v\u00e5ra fordon. Under 2023 satte vi som m\u00e5l att vi skulle minska utsl\u00e4ppen i scope 1 och 2 med 5%, bland annat genom \u00f6kad anv\u00e4ndning av br\u00e4nslet HVO100 ist\u00e4llet f\u00f6r diesel samt \u00f6verg\u00e5ng till f\u00f6rnybar el. Vi minskade scope 1 och 2 med n\u00e4rmare 11% under 2023 j\u00e4mf\u00f6rt med 2022. F\u00f6r 2024 har vi m\u00e5lsatt en fortsatt minskning. Vi m\u00e4ter och rapporterar v\u00e5ra utsl\u00e4pp enligt den internationella standarden GHGP (Greenhouse Gas Protocol).<\/p>\n\n\n\n<p>Beyond climate goals, we've set targets to minimize waste, with an emphasis on incorporating waste into circular material flows. To realize these objectives, the collaboration of subcontractors and suppliers is crucial. We work closely with major suppliers to explore new materials, products, or methods to reduce the climate impact of the services we procure.<\/p>\n\n\n\n<p>F\u00f6r att n\u00e5 v\u00e5ra egna m\u00e5l \u00e4r det viktigt att alla underentrepren\u00f6rer och leverant\u00f6rer \u00e4r med oss p\u00e5 resan. D\u00e4rf\u00f6r arbetar vi tillsammans med v\u00e5ra st\u00f6rsta leverant\u00f6rer med syfte att hitta nya material och produkter eller exempelvis se hur klimatp\u00e5verkan fr\u00e5n de tj\u00e4nster vi k\u00f6per av dem kan minska. Vi uppmuntrar ocks\u00e5 att h\u00f6ga krav st\u00e4lls p\u00e5 oss. D\u00e4rf\u00f6r har vi en p\u00e5g\u00e5ende dialog med v\u00e5ra stora kunder f\u00f6r att hitta s\u00e4tt att ta fram fakta och testa nya l\u00f6sningar att accelerera utvecklingen. Upphandling med krav inom h\u00e5llbarhet \u00e4r ett kraftfullt verktyg f\u00f6r att f\u00f6rflytta hela v\u00e5r bransch mot minskad klimatp\u00e5verkan.<\/p>","protected":false},"excerpt":{"rendered":"<p>Den globala uppv\u00e4rmningen \u00e4r en av m\u00e4nsklighetens stora utmaningar och vi alla har ett ansvar inf\u00f6r kommande generationer att bidra med l\u00f6sningar och att minska v\u00e5r klimatp\u00e5verkan. P\u00e5 Craftor har vi antagit ett m\u00e5l om klimatneutralitet i hela v\u00e4rdekedjan \u00e5r 2045, och att halvera v\u00e5r klimatp\u00e5verkan till \u00e5r 2030. Det \u00e4r ett tufft m\u00e5l och [&hellip;]<\/p>","protected":false},"author":32,"featured_media":2833,"parent":0,"menu_order":0,"comment_status":"closed","ping_status":"closed","template":"","meta":{"_acf_changed":false,"footnotes":""},"class_list":["post-2891","page","type-page","status-publish","has-post-thumbnail","hentry"],"acf":[],"_links":{"self":[{"href":"https:\/\/craftor.se\/en\/wp-json\/wp\/v2\/pages\/2891","targetHints":{"allow":["GET"]}}],"collection":[{"href":"https:\/\/craftor.se\/en\/wp-json\/wp\/v2\/pages"}],"about":[{"href":"https:\/\/craftor.se\/en\/wp-json\/wp\/v2\/types\/page"}],"author":[{"embeddable":true,"href":"https:\/\/craftor.se\/en\/wp-json\/wp\/v2\/users\/32"}],"replies":[{"embeddable":true,"href":"https:\/\/craftor.se\/en\/wp-json\/wp\/v2\/comments?post=2891"}],"version-history":[{"count":0,"href":"https:\/\/craftor.se\/en\/wp-json\/wp\/v2\/pages\/2891\/revisions"}],"wp:featuredmedia":[{"embeddable":true,"href":"https:\/\/craftor.se\/en\/wp-json\/wp\/v2\/media\/2833"}],"wp:attachment":[{"href":"https:\/\/craftor.se\/en\/wp-json\/wp\/v2\/media?parent=2891"}],"curies":[{"name":"wp","href":"https:\/\/api.w.org\/{rel}","templated":true}]}}