{"id":2892,"date":"2023-09-21T11:12:22","date_gmt":"2023-09-21T09:12:22","guid":{"rendered":"https:\/\/craftor.se\/?page_id=2892"},"modified":"2023-09-22T15:52:16","modified_gmt":"2023-09-22T13:52:16","slug":"samhallsengagemang-sponsring","status":"publish","type":"page","link":"https:\/\/craftor.se\/en\/samhallsengagemang-sponsring\/","title":{"rendered":"Community Engagement &amp; Sponsorship"},"content":{"rendered":"<p class=\"has-text-align-left\">By expanding the power grid, we contribute to the transition towards a more sustainable society. However, there are additional ways to contribute to society. At Craftor, it is important for us to do so, and we sponsor charitable organizations, research, and sports clubs, with a special focus on children and youth sports. There are numerous positive societal effects associated with youth sports. Sports itself promotes health, physical activity, and social interaction. By sponsoring youth sports, we, as a company, can contribute to combating the increasing sedentary lifestyle among young people. This, in turn, can lead to a healthier society and reduce the burden on our healthcare system.<\/p>\n\n\n\n<p><\/p>\n\n\n\n<p>Examples of organizations we support include: <a href=\"https:\/\/www.barncancerfonden.se\/\" target=\"_blank\" rel=\"noreferrer noopener\">Barncancerfonden<\/a>, <a href=\"https:\/\/aktivskola.org\/\" target=\"_blank\" rel=\"noreferrer noopener\">Aktiv skola<\/a>, <a href=\"https:\/\/givingpeople.se\/\" target=\"_blank\" rel=\"noreferrer noopener\">Giving people<\/a>, ALS-research <a href=\"https:\/\/flexbert.nu\/\" target=\"_blank\" rel=\"noreferrer noopener\">Flexbert<\/a> and others.\u00a0<\/p>","protected":false},"excerpt":{"rendered":"<p>Genom att bygga ut eln\u00e4tet bidrar vi till omst\u00e4llningen till ett mer h\u00e5llbart samh\u00e4lle. Men det finns fler s\u00e4tt att bidra till samh\u00e4llet. F\u00f6r oss p\u00e5 Craftor \u00e4r det viktigt att g\u00f6ra det och vi sponsrar hj\u00e4lporganisationer, forskning och idrottsf\u00f6reningar, d\u00e4r barn- och ungdomsidrott ligger oss lite extra varmt om hj\u00e4rtat. Det finns s\u00e5 m\u00e5nga [&hellip;]<\/p>","protected":false},"author":32,"featured_media":2833,"parent":0,"menu_order":0,"comment_status":"closed","ping_status":"closed","template":"","meta":{"_acf_changed":false,"footnotes":""},"class_list":["post-2892","page","type-page","status-publish","has-post-thumbnail","hentry"],"acf":[],"_links":{"self":[{"href":"https:\/\/craftor.se\/en\/wp-json\/wp\/v2\/pages\/2892","targetHints":{"allow":["GET"]}}],"collection":[{"href":"https:\/\/craftor.se\/en\/wp-json\/wp\/v2\/pages"}],"about":[{"href":"https:\/\/craftor.se\/en\/wp-json\/wp\/v2\/types\/page"}],"author":[{"embeddable":true,"href":"https:\/\/craftor.se\/en\/wp-json\/wp\/v2\/users\/32"}],"replies":[{"embeddable":true,"href":"https:\/\/craftor.se\/en\/wp-json\/wp\/v2\/comments?post=2892"}],"version-history":[{"count":0,"href":"https:\/\/craftor.se\/en\/wp-json\/wp\/v2\/pages\/2892\/revisions"}],"wp:featuredmedia":[{"embeddable":true,"href":"https:\/\/craftor.se\/en\/wp-json\/wp\/v2\/media\/2833"}],"wp:attachment":[{"href":"https:\/\/craftor.se\/en\/wp-json\/wp\/v2\/media?parent=2892"}],"curies":[{"name":"wp","href":"https:\/\/api.w.org\/{rel}","templated":true}]}}