{"id":2896,"date":"2023-09-21T11:14:44","date_gmt":"2023-09-21T09:14:44","guid":{"rendered":"https:\/\/craftor.se\/?page_id=2896"},"modified":"2024-04-22T15:34:43","modified_gmt":"2024-04-22T13:34:43","slug":"certifieringar-policy","status":"publish","type":"page","link":"https:\/\/craftor.se\/en\/certifieringar-policy\/","title":{"rendered":"Certifieringar\u00a0&#038; policys"},"content":{"rendered":"<div class=\"wp-block-columns is-layout-flex wp-container-core-columns-is-layout-28f84493 wp-block-columns-is-layout-flex\">\n<div class=\"wp-block-column is-layout-flow wp-block-column-is-layout-flow\" style=\"flex-basis:66.66%\">\n<p class=\"has-text-align-left\">Our management system is certified according to ISO 9001:2015 (quality), ISO 14001:2015 (environment), and ISO 45001:2018 (occupational health and safety), providing support to our operations.&nbsp;<\/p>\n\n\n\n<p class=\"has-text-align-left\">The management system aims to establish a uniform approach to ensure the safety of our employees, environmental responsibility, and high quality in the work we perform. By having structured frameworks and processes to manage environmental, quality, and occupational health and safety aspects within the company, we ensure compliance with laws and regulations, work efficiently, and continuously improve. We also create conditions to achieve the goals we have set.&nbsp;<\/p>\n\n\n\n<p class=\"has-text-align-left\">An ISO 45001 certification means that our company has established procedures and processes to protect the health and safety of our employees. The purpose is to reduce the number of work-related injuries and illnesses, improve the working environment, and create a safer workplace.<\/p>\n\n\n\n<div style=\"height:20px\" aria-hidden=\"true\" class=\"wp-block-spacer\"><\/div>\n\n\n\n<h2 class=\"wp-block-heading has-text-align-left\">For more information<\/h2>\n\n\n\n<p class=\"has-text-align-left\">See documented policies.<\/p>\n\n\n\n<p class=\"has-text-align-left\"><a href=\"https:\/\/media.craftor.se\/2022\/04\/Arbetsmiljo-pch-elsakerhetspolicy.pdf\" target=\"_blank\" rel=\"noreferrer noopener\">Workplace Health &amp; Electrical Safety Policy<\/a><\/p>\n\n\n\n<p class=\"has-text-align-left\"><a href=\"https:\/\/media.craftor.se\/2022\/04\/Miljopolicy.pdf\" target=\"_blank\" rel=\"noreferrer noopener\">Environmental Policy<\/a><\/p>\n\n\n\n<p class=\"has-text-align-left\"><a href=\"https:\/\/media.craftor.se\/2022\/04\/Kvalitetspolicy.pdf\" target=\"_blank\" rel=\"noreferrer noopener\">Quality Policy<\/a><\/p>\n<\/div>\n\n\n\n<div class=\"wp-block-column is-layout-flow wp-block-column-is-layout-flow\" style=\"flex-basis:33.33%\">\n<figure class=\"wp-block-image size-full\"><img fetchpriority=\"high\" decoding=\"async\" width=\"618\" height=\"868\" src=\"https:\/\/media.craftor.se\/2023\/09\/image5.png\" alt=\"\" class=\"wp-image-2806\" srcset=\"https:\/\/craftor.se\/wp-content\/uploads\/2023\/09\/image5.png 618w, https:\/\/craftor.se\/wp-content\/uploads\/2023\/09\/image5-456x640.png 456w\" sizes=\"(max-width: 618px) 100vw, 618px\" \/><\/figure>\n<\/div>\n<\/div>","protected":false},"excerpt":{"rendered":"<p>V\u00e5rt ledningssystem \u00e4r certifierat enligt ISO 9001:2015 (kvalitet), ISO 14001:2015 (milj\u00f6) och ISO 45001:2018 (arbetsmilj\u00f6) och ger ett st\u00f6d till verksamheten.&nbsp; Ledningssystemet syftar till ett skapa ett enhetligt arbetss\u00e4tt f\u00f6r att s\u00e4kerst\u00e4lla s\u00e4kerheten f\u00f6r v\u00e5ra medarbetare, milj\u00f6m\u00e4ssigt ansvar samt h\u00f6g kvalitet i de arbeten vi utf\u00f6r. Genom att ha strukturerade ramar och processer f\u00f6r att [&hellip;]<\/p>","protected":false},"author":32,"featured_media":2833,"parent":0,"menu_order":0,"comment_status":"closed","ping_status":"closed","template":"","meta":{"_acf_changed":false,"footnotes":""},"class_list":["post-2896","page","type-page","status-publish","has-post-thumbnail","hentry"],"acf":[],"_links":{"self":[{"href":"https:\/\/craftor.se\/en\/wp-json\/wp\/v2\/pages\/2896","targetHints":{"allow":["GET"]}}],"collection":[{"href":"https:\/\/craftor.se\/en\/wp-json\/wp\/v2\/pages"}],"about":[{"href":"https:\/\/craftor.se\/en\/wp-json\/wp\/v2\/types\/page"}],"author":[{"embeddable":true,"href":"https:\/\/craftor.se\/en\/wp-json\/wp\/v2\/users\/32"}],"replies":[{"embeddable":true,"href":"https:\/\/craftor.se\/en\/wp-json\/wp\/v2\/comments?post=2896"}],"version-history":[{"count":0,"href":"https:\/\/craftor.se\/en\/wp-json\/wp\/v2\/pages\/2896\/revisions"}],"wp:featuredmedia":[{"embeddable":true,"href":"https:\/\/craftor.se\/en\/wp-json\/wp\/v2\/media\/2833"}],"wp:attachment":[{"href":"https:\/\/craftor.se\/en\/wp-json\/wp\/v2\/media?parent=2896"}],"curies":[{"name":"wp","href":"https:\/\/api.w.org\/{rel}","templated":true}]}}