{"id":3618,"date":"2025-09-25T14:03:31","date_gmt":"2025-09-25T12:03:31","guid":{"rendered":"https:\/\/craftor.se\/?page_id=3618"},"modified":"2025-09-25T14:11:47","modified_gmt":"2025-09-25T12:11:47","slug":"nyheter","status":"publish","type":"page","link":"https:\/\/craftor.se\/en\/nyheter\/","title":{"rendered":"Nyheter"},"content":{"rendered":"<div data-elementor-type=\"wp-page\" data-elementor-id=\"3618\" class=\"elementor elementor-3618\" data-elementor-post-type=\"page\">\n\t\t\t\t<div class=\"elementor-element elementor-element-e9af3de e-flex e-con-boxed e-con e-parent\" data-id=\"e9af3de\" data-element_type=\"container\">\n\t\t\t\t\t<div class=\"e-con-inner\">\n\t\t\t\t<div class=\"elementor-element elementor-element-6ad6d0b premium-blog-align-left elementor-widget elementor-widget-premium-addon-blog\" data-id=\"6ad6d0b\" data-element_type=\"widget\" data-settings=\"{&quot;premium_blog_infinite_scroll&quot;:&quot;yes&quot;,&quot;premium_blog_grid&quot;:&quot;yes&quot;,&quot;premium_blog_layout&quot;:&quot;even&quot;,&quot;premium_blog_columns_number&quot;:&quot;50%&quot;,&quot;premium_blog_columns_number_tablet&quot;:&quot;50%&quot;,&quot;premium_blog_columns_number_mobile&quot;:&quot;100%&quot;}\" data-widget_type=\"premium-addon-blog.default\">\n\t\t\t\t<div class=\"elementor-widget-container\">\n\t\t\t\t\t\n\t\t\n\n\t\t\t\t<div class=\"premium-blog-wrap  premium-blog-even\" data-page=\"3618\">\n\t\t\t\t\t\t\t\t\t<div class=\"premium-blog-post-outer-container\" data-total=\"18\">\r\n\t\t\t<div class=\"premium-blog-post-container premium-blog-skin-modern\">\r\n\t\t\t\t\t\t\t\t\t<div class=\"premium-blog-thumb-effect-wrapper\">\r\n\t\t\t\t\t\t<div class=\"premium-blog-thumbnail-container premium-blog-zoomin-effect\">\r\n\t\t\t\t\t\t\t\t\t\t\t<a href=\"https:\/\/craftor.se\/en\/craftor-och-eleda-forvarvar-turtrans-ab\/\" target=\"_self\">\r\n\t\t\t\t<img fetchpriority=\"high\" decoding=\"async\" width=\"640\" height=\"360\" src=\"https:\/\/craftor.se\/wp-content\/uploads\/2024\/07\/c-drying-3f4YSmh5lF0-unsplash-640x360.jpg\" class=\"attachment-medium size-medium wp-image-3301\" alt=\"\" srcset=\"https:\/\/craftor.se\/wp-content\/uploads\/2024\/07\/c-drying-3f4YSmh5lF0-unsplash-640x360.jpg 640w, https:\/\/craftor.se\/wp-content\/uploads\/2024\/07\/c-drying-3f4YSmh5lF0-unsplash-1600x900.jpg 1600w, https:\/\/craftor.se\/wp-content\/uploads\/2024\/07\/c-drying-3f4YSmh5lF0-unsplash-768x432.jpg 768w, https:\/\/craftor.se\/wp-content\/uploads\/2024\/07\/c-drying-3f4YSmh5lF0-unsplash-1536x864.jpg 1536w, https:\/\/craftor.se\/wp-content\/uploads\/2024\/07\/c-drying-3f4YSmh5lF0-unsplash-2048x1152.jpg 2048w, https:\/\/craftor.se\/wp-content\/uploads\/2024\/07\/c-drying-3f4YSmh5lF0-unsplash-18x10.jpg 18w\" sizes=\"(max-width: 640px) 100vw, 640px\" \/>\t\t\t\t<\/a>\r\n\t\t\t\t\t\t\t\t\t\t<\/div>\r\n\t\t\t\t\t\t\t\t\t\t\t\t\t<div class=\"premium-blog-effect-container premium-blog-framed-effect\">\r\n\t\t\t\t\t\t\t\t<a class=\"premium-blog-post-link\" href=\"https:\/\/craftor.se\/en\/craftor-och-eleda-forvarvar-turtrans-ab\/\" target=\"_self\"><span>Craftor och Eleda f\u00f6rv\u00e4rvar Turtrans AB<\/span><\/a>\r\n\t\t\t\t\t\t\t\t\t\t\t\t\t\t\t<\/div>\r\n\t\t\t\t\t\t\t\t\t\t\t<\/div>\r\n\t\t\t\t\t\t\t\t\t\t\t\t<div class=\"premium-blog-content-wrapper\">\r\n\r\n\t\t\t\t\t<div class=\"premium-blog-inner-container\">\r\n\r\n\t\t\t\t\t\t\t\t\t\t\t\t\t\t<h2 class=\"premium-blog-entry-title\">\r\n\t\t\t<a href=\"https:\/\/craftor.se\/en\/craftor-och-eleda-forvarvar-turtrans-ab\/\" target=\"_self\">\r\n\t\t\t\tCraftor och Eleda f\u00f6rv\u00e4rvar Turtrans AB\t\t\t<\/a>\r\n\t\t<\/h2>\r\n\t\t\t\t<div class=\"premium-blog-entry-meta\">\r\n\t\t\t\r\n\t\t\t\t\t\t\t<span class=\"premium-blog-meta-separator\">\u2022<\/span>\r\n\t\t\t\t<div class=\"premium-blog-post-time premium-blog-meta-data\">\r\n\t\t\t\t\t<i class=\"fa fa-calendar-alt\" aria-hidden=\"true\"><\/i>\r\n\t\t\t\t\t<span>2024-07-02<\/span>\r\n\t\t\t\t<\/div>\r\n\t\t\t\r\n\t\t\t\t\t\t\t<span class=\"premium-blog-meta-separator\">\u2022<\/span>\r\n\t\t\t\t<div class=\"premium-blog-post-categories premium-blog-meta-data\">\r\n\t\t\t\t\t<i class=\"fa fa-align-left fa-fw\" aria-hidden=\"true\"><\/i>\r\n\t\t\t\t\t<a href=\"https:\/\/craftor.se\/en\/kategori\/aktuellt\/\" rel=\"category tag\">Latest<\/a>, <a href=\"https:\/\/craftor.se\/en\/kategori\/current\/\" rel=\"category tag\">Current<\/a>\t\t\t\t<\/div>\r\n\t\t\t\r\n\t\t\t\t\t<\/div>\r\n\t\t\r\n\t\t\t\t\t<\/div>\r\n\r\n\t\t\t\t\t\t\t<div class=\"premium-blog-content-inner-wrapper\">\r\n\t\t<p class=\"premium-blog-post-content\">&#8221; Infrastrukturkoncernen Eleda\u00a0har\u00a0f\u00f6rv\u00e4rvat Turtrans AB. Turtrans bygger kraftledningar och underh\u00e5ller infrastruktur f\u00f6r kraftindustrin i hela Sverige och blir en del av Eledas plattformsbolag Craftor. \u2013<\/p><div class=\"premium-blog-excerpt-link-wrap\"><a href=\"https:\/\/craftor.se\/en\/craftor-och-eleda-forvarvar-turtrans-ab\/\" target=\"_self\" class=\"premium-blog-excerpt-link elementor-button\">L\u00e4s vidare \u00bb<\/a><\/div>\t\t<\/div>\r\n\t\t\t\t\t\t\t\r\n\t\t\t\t<\/div>\r\n\t\t\t<\/div>\r\n\t\t<\/div>\r\n\r\n\t\t\t\t<div class=\"premium-blog-post-outer-container\" data-total=\"18\">\r\n\t\t\t<div class=\"premium-blog-post-container premium-blog-skin-modern\">\r\n\t\t\t\t\t\t\t\t\t<div class=\"premium-blog-thumb-effect-wrapper\">\r\n\t\t\t\t\t\t<div class=\"premium-blog-thumbnail-container premium-blog-zoomin-effect\">\r\n\t\t\t\t\t\t\t\t\t\t\t<a href=\"https:\/\/craftor.se\/en\/halsoutmaningen-2024\/\" target=\"_self\">\r\n\t\t\t\t<img decoding=\"async\" width=\"640\" height=\"427\" src=\"https:\/\/craftor.se\/wp-content\/uploads\/2024\/06\/fotboll-2-1-640x427.jpg\" class=\"attachment-medium size-medium wp-image-3298\" alt=\"\" srcset=\"https:\/\/craftor.se\/wp-content\/uploads\/2024\/06\/fotboll-2-1-640x427.jpg 640w, https:\/\/craftor.se\/wp-content\/uploads\/2024\/06\/fotboll-2-1-768x512.jpg 768w, https:\/\/craftor.se\/wp-content\/uploads\/2024\/06\/fotboll-2-1-18x12.jpg 18w, https:\/\/craftor.se\/wp-content\/uploads\/2024\/06\/fotboll-2-1.jpg 1280w\" sizes=\"(max-width: 640px) 100vw, 640px\" \/>\t\t\t\t<\/a>\r\n\t\t\t\t\t\t\t\t\t\t<\/div>\r\n\t\t\t\t\t\t\t\t\t\t\t\t\t<div class=\"premium-blog-effect-container premium-blog-framed-effect\">\r\n\t\t\t\t\t\t\t\t<a class=\"premium-blog-post-link\" href=\"https:\/\/craftor.se\/en\/halsoutmaningen-2024\/\" target=\"_self\"><span>H\u00e4lsoutmaningen 2024<\/span><\/a>\r\n\t\t\t\t\t\t\t\t\t\t\t\t\t\t\t<\/div>\r\n\t\t\t\t\t\t\t\t\t\t\t<\/div>\r\n\t\t\t\t\t\t\t\t\t\t\t\t<div class=\"premium-blog-content-wrapper\">\r\n\r\n\t\t\t\t\t<div class=\"premium-blog-inner-container\">\r\n\r\n\t\t\t\t\t\t\t\t\t\t\t\t\t\t<h2 class=\"premium-blog-entry-title\">\r\n\t\t\t<a href=\"https:\/\/craftor.se\/en\/halsoutmaningen-2024\/\" target=\"_self\">\r\n\t\t\t\tH\u00e4lsoutmaningen 2024\t\t\t<\/a>\r\n\t\t<\/h2>\r\n\t\t\t\t<div class=\"premium-blog-entry-meta\">\r\n\t\t\t\r\n\t\t\t\t\t\t\t<span class=\"premium-blog-meta-separator\">\u2022<\/span>\r\n\t\t\t\t<div class=\"premium-blog-post-time premium-blog-meta-data\">\r\n\t\t\t\t\t<i class=\"fa fa-calendar-alt\" aria-hidden=\"true\"><\/i>\r\n\t\t\t\t\t<span>2024-06-18<\/span>\r\n\t\t\t\t<\/div>\r\n\t\t\t\r\n\t\t\t\t\t\t\t<span class=\"premium-blog-meta-separator\">\u2022<\/span>\r\n\t\t\t\t<div class=\"premium-blog-post-categories premium-blog-meta-data\">\r\n\t\t\t\t\t<i class=\"fa fa-align-left fa-fw\" aria-hidden=\"true\"><\/i>\r\n\t\t\t\t\t<a href=\"https:\/\/craftor.se\/en\/kategori\/aktuellt\/\" rel=\"category tag\">Latest<\/a>, <a href=\"https:\/\/craftor.se\/en\/kategori\/current\/\" rel=\"category tag\">Current<\/a>, <a href=\"https:\/\/craftor.se\/en\/kategori\/okategoriserad-en\/\" rel=\"category tag\">Okategoriserad<\/a>, <a href=\"https:\/\/craftor.se\/en\/kategori\/uncategorized\/\" rel=\"category tag\">Uncategorized<\/a>\t\t\t\t<\/div>\r\n\t\t\t\r\n\t\t\t\t\t<\/div>\r\n\t\t\r\n\t\t\t\t\t<\/div>\r\n\r\n\t\t\t\t\t\t\t<div class=\"premium-blog-content-inner-wrapper\">\r\n\t\t<p class=\"premium-blog-post-content\">Som en del utav v\u00e5r personalv\u00e5rd p\u00e5 Craftor har vi en satsning vi d\u00f6pt till H\u00e4lsoutmaningen. \ud83d\udcaa\ud83c\udffdH\u00e4lsoutmaningen \u00e4r en samling fartfyllda aktiviteter d\u00e4r vi f\u00e5r<\/p><div class=\"premium-blog-excerpt-link-wrap\"><a href=\"https:\/\/craftor.se\/en\/halsoutmaningen-2024\/\" target=\"_self\" class=\"premium-blog-excerpt-link elementor-button\">L\u00e4s vidare \u00bb<\/a><\/div>\t\t<\/div>\r\n\t\t\t\t\t\t\t\r\n\t\t\t\t<\/div>\r\n\t\t\t<\/div>\r\n\t\t<\/div>\r\n\r\n\t\t\t\t<div class=\"premium-blog-post-outer-container\" data-total=\"18\">\r\n\t\t\t<div class=\"premium-blog-post-container premium-blog-skin-modern\">\r\n\t\t\t\t\t\t\t\t\t<div class=\"premium-blog-thumb-effect-wrapper\">\r\n\t\t\t\t\t\t<div class=\"premium-blog-thumbnail-container premium-blog-zoomin-effect\">\r\n\t\t\t\t\t\t\t\t\t\t\t<a href=\"https:\/\/craftor.se\/en\/for-att-kunna-minska-behover-vi-kunna-mata\/\" target=\"_self\">\r\n\t\t\t\t<img decoding=\"async\" width=\"640\" height=\"427\" src=\"https:\/\/craftor.se\/wp-content\/uploads\/2024\/04\/E5A7447-640x427.jpg\" class=\"attachment-medium size-medium wp-image-3236\" alt=\"\" srcset=\"https:\/\/craftor.se\/wp-content\/uploads\/2024\/04\/E5A7447-640x427.jpg 640w, https:\/\/craftor.se\/wp-content\/uploads\/2024\/04\/E5A7447-1600x1067.jpg 1600w, https:\/\/craftor.se\/wp-content\/uploads\/2024\/04\/E5A7447-768x512.jpg 768w, https:\/\/craftor.se\/wp-content\/uploads\/2024\/04\/E5A7447-1536x1024.jpg 1536w, https:\/\/craftor.se\/wp-content\/uploads\/2024\/04\/E5A7447-2048x1365.jpg 2048w, https:\/\/craftor.se\/wp-content\/uploads\/2024\/04\/E5A7447-18x12.jpg 18w\" sizes=\"(max-width: 640px) 100vw, 640px\" \/>\t\t\t\t<\/a>\r\n\t\t\t\t\t\t\t\t\t\t<\/div>\r\n\t\t\t\t\t\t\t\t\t\t\t\t\t<div class=\"premium-blog-effect-container premium-blog-framed-effect\">\r\n\t\t\t\t\t\t\t\t<a class=\"premium-blog-post-link\" href=\"https:\/\/craftor.se\/en\/for-att-kunna-minska-behover-vi-kunna-mata\/\" target=\"_self\"><span>F\u00f6r att kunna minska beh\u00f6ver vi kunna m\u00e4ta<\/span><\/a>\r\n\t\t\t\t\t\t\t\t\t\t\t\t\t\t\t<\/div>\r\n\t\t\t\t\t\t\t\t\t\t\t<\/div>\r\n\t\t\t\t\t\t\t\t\t\t\t\t<div class=\"premium-blog-content-wrapper\">\r\n\r\n\t\t\t\t\t<div class=\"premium-blog-inner-container\">\r\n\r\n\t\t\t\t\t\t\t\t\t\t\t\t\t\t<h2 class=\"premium-blog-entry-title\">\r\n\t\t\t<a href=\"https:\/\/craftor.se\/en\/for-att-kunna-minska-behover-vi-kunna-mata\/\" target=\"_self\">\r\n\t\t\t\tF\u00f6r att kunna minska beh\u00f6ver vi kunna m\u00e4ta\t\t\t<\/a>\r\n\t\t<\/h2>\r\n\t\t\t\t<div class=\"premium-blog-entry-meta\">\r\n\t\t\t\r\n\t\t\t\t\t\t\t<span class=\"premium-blog-meta-separator\">\u2022<\/span>\r\n\t\t\t\t<div class=\"premium-blog-post-time premium-blog-meta-data\">\r\n\t\t\t\t\t<i class=\"fa fa-calendar-alt\" aria-hidden=\"true\"><\/i>\r\n\t\t\t\t\t<span>2024-04-29<\/span>\r\n\t\t\t\t<\/div>\r\n\t\t\t\r\n\t\t\t\t\t\t\t<span class=\"premium-blog-meta-separator\">\u2022<\/span>\r\n\t\t\t\t<div class=\"premium-blog-post-categories premium-blog-meta-data\">\r\n\t\t\t\t\t<i class=\"fa fa-align-left fa-fw\" aria-hidden=\"true\"><\/i>\r\n\t\t\t\t\t<a href=\"https:\/\/craftor.se\/en\/kategori\/aktuellt\/\" rel=\"category tag\">Latest<\/a>, <a href=\"https:\/\/craftor.se\/en\/kategori\/current\/\" rel=\"category tag\">Current<\/a>\t\t\t\t<\/div>\r\n\t\t\t\r\n\t\t\t\t\t<\/div>\r\n\t\t\r\n\t\t\t\t\t<\/div>\r\n\r\n\t\t\t\t\t\t\t<div class=\"premium-blog-content-inner-wrapper\">\r\n\t\t<p class=\"premium-blog-post-content\">I rollen som elkraftsentrepren\u00f6r bidrar Craftor idag till den gr\u00f6na omst\u00e4llningen genom att m\u00f6jligg\u00f6ra elektrifieringen av samh\u00e4llet. Samtidigt driver vi stora projekt som kr\u00e4ver material<\/p><div class=\"premium-blog-excerpt-link-wrap\"><a href=\"https:\/\/craftor.se\/en\/for-att-kunna-minska-behover-vi-kunna-mata\/\" target=\"_self\" class=\"premium-blog-excerpt-link elementor-button\">L\u00e4s vidare \u00bb<\/a><\/div>\t\t<\/div>\r\n\t\t\t\t\t\t\t\r\n\t\t\t\t<\/div>\r\n\t\t\t<\/div>\r\n\t\t<\/div>\r\n\r\n\t\t\t\t<div class=\"premium-blog-post-outer-container\" data-total=\"18\">\r\n\t\t\t<div class=\"premium-blog-post-container premium-blog-skin-modern\">\r\n\t\t\t\t\t\t\t\t\t<div class=\"premium-blog-thumb-effect-wrapper\">\r\n\t\t\t\t\t\t<div class=\"premium-blog-thumbnail-container premium-blog-zoomin-effect\">\r\n\t\t\t\t\t\t\t\t\t\t\t<a href=\"https:\/\/craftor.se\/en\/craftor-sponsrar-hector-als-challenge\/\" target=\"_self\">\r\n\t\t\t\t<img loading=\"lazy\" decoding=\"async\" width=\"640\" height=\"640\" src=\"https:\/\/craftor.se\/wp-content\/uploads\/2024\/04\/Namnlos-design-640x640.png\" class=\"attachment-medium size-medium wp-image-3202\" alt=\"\" srcset=\"https:\/\/craftor.se\/wp-content\/uploads\/2024\/04\/Namnlos-design-640x640.png 640w, https:\/\/craftor.se\/wp-content\/uploads\/2024\/04\/Namnlos-design-150x150.png 150w, https:\/\/craftor.se\/wp-content\/uploads\/2024\/04\/Namnlos-design-768x768.png 768w, https:\/\/craftor.se\/wp-content\/uploads\/2024\/04\/Namnlos-design-12x12.png 12w, https:\/\/craftor.se\/wp-content\/uploads\/2024\/04\/Namnlos-design.png 1080w\" sizes=\"(max-width: 640px) 100vw, 640px\" \/>\t\t\t\t<\/a>\r\n\t\t\t\t\t\t\t\t\t\t<\/div>\r\n\t\t\t\t\t\t\t\t\t\t\t\t\t<div class=\"premium-blog-effect-container premium-blog-framed-effect\">\r\n\t\t\t\t\t\t\t\t<a class=\"premium-blog-post-link\" href=\"https:\/\/craftor.se\/en\/craftor-sponsrar-hector-als-challenge\/\" target=\"_self\"><span>Craftor sponsrar Hector ALS Challenge<\/span><\/a>\r\n\t\t\t\t\t\t\t\t\t\t\t\t\t\t\t<\/div>\r\n\t\t\t\t\t\t\t\t\t\t\t<\/div>\r\n\t\t\t\t\t\t\t\t\t\t\t\t<div class=\"premium-blog-content-wrapper\">\r\n\r\n\t\t\t\t\t<div class=\"premium-blog-inner-container\">\r\n\r\n\t\t\t\t\t\t\t\t\t\t\t\t\t\t<h2 class=\"premium-blog-entry-title\">\r\n\t\t\t<a href=\"https:\/\/craftor.se\/en\/craftor-sponsrar-hector-als-challenge\/\" target=\"_self\">\r\n\t\t\t\tCraftor sponsrar Hector ALS Challenge\t\t\t<\/a>\r\n\t\t<\/h2>\r\n\t\t\t\t<div class=\"premium-blog-entry-meta\">\r\n\t\t\t\r\n\t\t\t\t\t\t\t<span class=\"premium-blog-meta-separator\">\u2022<\/span>\r\n\t\t\t\t<div class=\"premium-blog-post-time premium-blog-meta-data\">\r\n\t\t\t\t\t<i class=\"fa fa-calendar-alt\" aria-hidden=\"true\"><\/i>\r\n\t\t\t\t\t<span>2024-04-03<\/span>\r\n\t\t\t\t<\/div>\r\n\t\t\t\r\n\t\t\t\t\t\t\t<span class=\"premium-blog-meta-separator\">\u2022<\/span>\r\n\t\t\t\t<div class=\"premium-blog-post-categories premium-blog-meta-data\">\r\n\t\t\t\t\t<i class=\"fa fa-align-left fa-fw\" aria-hidden=\"true\"><\/i>\r\n\t\t\t\t\t<a href=\"https:\/\/craftor.se\/en\/kategori\/uncategorized\/\" rel=\"category tag\">Uncategorized<\/a>, <a href=\"https:\/\/craftor.se\/en\/kategori\/aktuellt\/\" rel=\"category tag\">Latest<\/a>, <a href=\"https:\/\/craftor.se\/en\/kategori\/current\/\" rel=\"category tag\">Current<\/a>\t\t\t\t<\/div>\r\n\t\t\t\r\n\t\t\t\t\t<\/div>\r\n\t\t\r\n\t\t\t\t\t<\/div>\r\n\r\n\t\t\t\t\t\t\t<div class=\"premium-blog-content-inner-wrapper\">\r\n\t\t<p class=\"premium-blog-post-content\">I helgen g\u00e5r den \u00e5rliga \u00f6ppna t\u00e4vlingen Hector ALS Challenge av stapeln i Kungsberget som Craftor \u00e4r huvudsponsor f\u00f6r. L\u00f6rdag 6 april samlas barn och<\/p><div class=\"premium-blog-excerpt-link-wrap\"><a href=\"https:\/\/craftor.se\/en\/craftor-sponsrar-hector-als-challenge\/\" target=\"_self\" class=\"premium-blog-excerpt-link elementor-button\">L\u00e4s vidare \u00bb<\/a><\/div>\t\t<\/div>\r\n\t\t\t\t\t\t\t\r\n\t\t\t\t<\/div>\r\n\t\t\t<\/div>\r\n\t\t<\/div>\r\n\r\n\t\t\t\t<div class=\"premium-blog-post-outer-container\" data-total=\"18\">\r\n\t\t\t<div class=\"premium-blog-post-container premium-blog-skin-modern\">\r\n\t\t\t\t\t\t\t\t\t<div class=\"premium-blog-thumb-effect-wrapper\">\r\n\t\t\t\t\t\t<div class=\"premium-blog-thumbnail-container premium-blog-zoomin-effect\">\r\n\t\t\t\t\t\t\t\t\t\t\t<a href=\"https:\/\/craftor.se\/en\/craftor-ab-och-aik-fotboll-forlanger-samarbetet\/\" target=\"_self\">\r\n\t\t\t\t<img loading=\"lazy\" decoding=\"async\" width=\"517\" height=\"640\" src=\"https:\/\/craftor.se\/wp-content\/uploads\/2024\/02\/IMG_0062-517x640.jpeg\" class=\"attachment-medium size-medium wp-image-3165\" alt=\"\" srcset=\"https:\/\/craftor.se\/wp-content\/uploads\/2024\/02\/IMG_0062-517x640.jpeg 517w, https:\/\/craftor.se\/wp-content\/uploads\/2024\/02\/IMG_0062-768x950.jpeg 768w, https:\/\/craftor.se\/wp-content\/uploads\/2024\/02\/IMG_0062-10x12.jpeg 10w, https:\/\/craftor.se\/wp-content\/uploads\/2024\/02\/IMG_0062.jpeg 1170w\" sizes=\"(max-width: 517px) 100vw, 517px\" \/>\t\t\t\t<\/a>\r\n\t\t\t\t\t\t\t\t\t\t<\/div>\r\n\t\t\t\t\t\t\t\t\t\t\t\t\t<div class=\"premium-blog-effect-container premium-blog-framed-effect\">\r\n\t\t\t\t\t\t\t\t<a class=\"premium-blog-post-link\" href=\"https:\/\/craftor.se\/en\/craftor-ab-och-aik-fotboll-forlanger-samarbetet\/\" target=\"_self\"><span>Craftor AB och AIK Fotboll f\u00f6rl\u00e4nger samarbetet!<\/span><\/a>\r\n\t\t\t\t\t\t\t\t\t\t\t\t\t\t\t<\/div>\r\n\t\t\t\t\t\t\t\t\t\t\t<\/div>\r\n\t\t\t\t\t\t\t\t\t\t\t\t<div class=\"premium-blog-content-wrapper\">\r\n\r\n\t\t\t\t\t<div class=\"premium-blog-inner-container\">\r\n\r\n\t\t\t\t\t\t\t\t\t\t\t\t\t\t<h2 class=\"premium-blog-entry-title\">\r\n\t\t\t<a href=\"https:\/\/craftor.se\/en\/craftor-ab-och-aik-fotboll-forlanger-samarbetet\/\" target=\"_self\">\r\n\t\t\t\tCraftor AB och AIK Fotboll f\u00f6rl\u00e4nger samarbetet!\t\t\t<\/a>\r\n\t\t<\/h2>\r\n\t\t\t\t<div class=\"premium-blog-entry-meta\">\r\n\t\t\t\r\n\t\t\t\t\t\t\t<span class=\"premium-blog-meta-separator\">\u2022<\/span>\r\n\t\t\t\t<div class=\"premium-blog-post-time premium-blog-meta-data\">\r\n\t\t\t\t\t<i class=\"fa fa-calendar-alt\" aria-hidden=\"true\"><\/i>\r\n\t\t\t\t\t<span>2024-02-06<\/span>\r\n\t\t\t\t<\/div>\r\n\t\t\t\r\n\t\t\t\t\t\t\t<span class=\"premium-blog-meta-separator\">\u2022<\/span>\r\n\t\t\t\t<div class=\"premium-blog-post-categories premium-blog-meta-data\">\r\n\t\t\t\t\t<i class=\"fa fa-align-left fa-fw\" aria-hidden=\"true\"><\/i>\r\n\t\t\t\t\t<a href=\"https:\/\/craftor.se\/en\/kategori\/aktuellt\/\" rel=\"category tag\">Latest<\/a>, <a href=\"https:\/\/craftor.se\/en\/kategori\/current\/\" rel=\"category tag\">Current<\/a>\t\t\t\t<\/div>\r\n\t\t\t\r\n\t\t\t\t\t<\/div>\r\n\t\t\r\n\t\t\t\t\t<\/div>\r\n\r\n\t\t\t\t\t\t\t<div class=\"premium-blog-content-inner-wrapper\">\r\n\t\t<p class=\"premium-blog-post-content\">AIK Fotboll och Craftor AB \u00e4r \u00f6verens om en f\u00f6rl\u00e4ngning av avtalet. Det nya avtalet str\u00e4cker sig fram till den 31 december 2025. Under s\u00e4songen<\/p><div class=\"premium-blog-excerpt-link-wrap\"><a href=\"https:\/\/craftor.se\/en\/craftor-ab-och-aik-fotboll-forlanger-samarbetet\/\" target=\"_self\" class=\"premium-blog-excerpt-link elementor-button\">L\u00e4s vidare \u00bb<\/a><\/div>\t\t<\/div>\r\n\t\t\t\t\t\t\t\r\n\t\t\t\t<\/div>\r\n\t\t\t<\/div>\r\n\t\t<\/div>\r\n\r\n\t\t\t\t<div class=\"premium-blog-post-outer-container\" data-total=\"18\">\r\n\t\t\t<div class=\"premium-blog-post-container premium-blog-skin-modern\">\r\n\t\t\t\t\t\t\t\t\t<div class=\"premium-blog-thumb-effect-wrapper\">\r\n\t\t\t\t\t\t<div class=\"premium-blog-thumbnail-container premium-blog-zoomin-effect\">\r\n\t\t\t\t\t\t\t\t\t\t\t<a href=\"https:\/\/craftor.se\/en\/craftor-sponsrar-barncancerfonden\/\" target=\"_self\">\r\n\t\t\t\t<img loading=\"lazy\" decoding=\"async\" width=\"512\" height=\"640\" src=\"https:\/\/craftor.se\/wp-content\/uploads\/2023\/12\/Barnsupporter_2023_SoMe_Juni_1080x1350-1-512x640.jpg\" class=\"attachment-medium size-medium wp-image-3147\" alt=\"\" srcset=\"https:\/\/craftor.se\/wp-content\/uploads\/2023\/12\/Barnsupporter_2023_SoMe_Juni_1080x1350-1-512x640.jpg 512w, https:\/\/craftor.se\/wp-content\/uploads\/2023\/12\/Barnsupporter_2023_SoMe_Juni_1080x1350-1-1280x1600.jpg 1280w, https:\/\/craftor.se\/wp-content\/uploads\/2023\/12\/Barnsupporter_2023_SoMe_Juni_1080x1350-1-768x960.jpg 768w, https:\/\/craftor.se\/wp-content\/uploads\/2023\/12\/Barnsupporter_2023_SoMe_Juni_1080x1350-1-1229x1536.jpg 1229w, https:\/\/craftor.se\/wp-content\/uploads\/2023\/12\/Barnsupporter_2023_SoMe_Juni_1080x1350-1-1638x2048.jpg 1638w, https:\/\/craftor.se\/wp-content\/uploads\/2023\/12\/Barnsupporter_2023_SoMe_Juni_1080x1350-1-10x12.jpg 10w, https:\/\/craftor.se\/wp-content\/uploads\/2023\/12\/Barnsupporter_2023_SoMe_Juni_1080x1350-1-scaled.jpg 2048w\" sizes=\"(max-width: 512px) 100vw, 512px\" \/>\t\t\t\t<\/a>\r\n\t\t\t\t\t\t\t\t\t\t<\/div>\r\n\t\t\t\t\t\t\t\t\t\t\t\t\t<div class=\"premium-blog-effect-container premium-blog-framed-effect\">\r\n\t\t\t\t\t\t\t\t<a class=\"premium-blog-post-link\" href=\"https:\/\/craftor.se\/en\/craftor-sponsrar-barncancerfonden\/\" target=\"_self\"><span>Craftor sponsrar Barncancerfonden<\/span><\/a>\r\n\t\t\t\t\t\t\t\t\t\t\t\t\t\t\t<\/div>\r\n\t\t\t\t\t\t\t\t\t\t\t<\/div>\r\n\t\t\t\t\t\t\t\t\t\t\t\t<div class=\"premium-blog-content-wrapper\">\r\n\r\n\t\t\t\t\t<div class=\"premium-blog-inner-container\">\r\n\r\n\t\t\t\t\t\t\t\t\t\t\t\t\t\t<h2 class=\"premium-blog-entry-title\">\r\n\t\t\t<a href=\"https:\/\/craftor.se\/en\/craftor-sponsrar-barncancerfonden\/\" target=\"_self\">\r\n\t\t\t\tCraftor sponsrar Barncancerfonden\t\t\t<\/a>\r\n\t\t<\/h2>\r\n\t\t\t\t<div class=\"premium-blog-entry-meta\">\r\n\t\t\t\r\n\t\t\t\t\t\t\t<span class=\"premium-blog-meta-separator\">\u2022<\/span>\r\n\t\t\t\t<div class=\"premium-blog-post-time premium-blog-meta-data\">\r\n\t\t\t\t\t<i class=\"fa fa-calendar-alt\" aria-hidden=\"true\"><\/i>\r\n\t\t\t\t\t<span>2023-12-21<\/span>\r\n\t\t\t\t<\/div>\r\n\t\t\t\r\n\t\t\t\t\t\t\t<span class=\"premium-blog-meta-separator\">\u2022<\/span>\r\n\t\t\t\t<div class=\"premium-blog-post-categories premium-blog-meta-data\">\r\n\t\t\t\t\t<i class=\"fa fa-align-left fa-fw\" aria-hidden=\"true\"><\/i>\r\n\t\t\t\t\t<a href=\"https:\/\/craftor.se\/en\/kategori\/uncategorized\/\" rel=\"category tag\">Uncategorized<\/a>, <a href=\"https:\/\/craftor.se\/en\/kategori\/aktuellt\/\" rel=\"category tag\">Latest<\/a>, <a href=\"https:\/\/craftor.se\/en\/kategori\/current\/\" rel=\"category tag\">Current<\/a>\t\t\t\t<\/div>\r\n\t\t\t\r\n\t\t\t\t\t<\/div>\r\n\t\t\r\n\t\t\t\t\t<\/div>\r\n\r\n\t\t\t\t\t\t\t<div class=\"premium-blog-content-inner-wrapper\">\r\n\t\t<p class=\"premium-blog-post-content\">Barn och cancer h\u00f6r inte ihop. Varje dag drabbas ett barn i Sverige av cancer. Men det finns hopp. Tack vare forskning och effektivare behandlingsmetoder<\/p><div class=\"premium-blog-excerpt-link-wrap\"><a href=\"https:\/\/craftor.se\/en\/craftor-sponsrar-barncancerfonden\/\" target=\"_self\" class=\"premium-blog-excerpt-link elementor-button\">L\u00e4s vidare \u00bb<\/a><\/div>\t\t<\/div>\r\n\t\t\t\t\t\t\t\r\n\t\t\t\t<\/div>\r\n\t\t\t<\/div>\r\n\t\t<\/div>\r\n\r\n\t\t\t\t\t\t\t<\/div>\n\n\t\t\n\t\t\n\t\t\t\t\t\t<\/div>\n\t\t\t\t<\/div>\n\t\t\t\t\t<\/div>\n\t\t\t\t<\/div>\n\t\t\t\t<\/div>","protected":false},"excerpt":{"rendered":"<p>Craftor och Eleda f\u00f6rv\u00e4rvar Turtrans AB Craftor och Eleda f\u00f6rv\u00e4rvar Turtrans AB \u2022 2024-07-02 \u2022 Aktuellt, Current &#8221; Infrastrukturkoncernen Eleda\u00a0har\u00a0f\u00f6rv\u00e4rvat Turtrans AB. Turtrans bygger kraftledningar och underh\u00e5ller infrastruktur f\u00f6r kraftindustrin i hela Sverige och blir en del av Eledas plattformsbolag Craftor. \u2013 L\u00e4s vidare \u00bb H\u00e4lsoutmaningen 2024 H\u00e4lsoutmaningen 2024 \u2022 2024-06-18 \u2022 Aktuellt, Current, Okategoriserad, [&hellip;]<\/p>","protected":false},"author":29,"featured_media":0,"parent":0,"menu_order":0,"comment_status":"closed","ping_status":"closed","template":"","meta":{"_acf_changed":false,"footnotes":""},"class_list":["post-3618","page","type-page","status-publish","hentry"],"acf":[],"_links":{"self":[{"href":"https:\/\/craftor.se\/en\/wp-json\/wp\/v2\/pages\/3618","targetHints":{"allow":["GET"]}}],"collection":[{"href":"https:\/\/craftor.se\/en\/wp-json\/wp\/v2\/pages"}],"about":[{"href":"https:\/\/craftor.se\/en\/wp-json\/wp\/v2\/types\/page"}],"author":[{"embeddable":true,"href":"https:\/\/craftor.se\/en\/wp-json\/wp\/v2\/users\/29"}],"replies":[{"embeddable":true,"href":"https:\/\/craftor.se\/en\/wp-json\/wp\/v2\/comments?post=3618"}],"version-history":[{"count":13,"href":"https:\/\/craftor.se\/en\/wp-json\/wp\/v2\/pages\/3618\/revisions"}],"predecessor-version":[{"id":3634,"href":"https:\/\/craftor.se\/en\/wp-json\/wp\/v2\/pages\/3618\/revisions\/3634"}],"wp:attachment":[{"href":"https:\/\/craftor.se\/en\/wp-json\/wp\/v2\/media?parent=3618"}],"curies":[{"name":"wp","href":"https:\/\/api.w.org\/{rel}","templated":true}]}}