{"id":51,"date":"2019-09-23T11:22:55","date_gmt":"2019-09-23T09:22:55","guid":{"rendered":"https:\/\/craftor.se\/?page_id=51"},"modified":"2025-08-18T16:59:07","modified_gmt":"2025-08-18T14:59:07","slug":"om-oss","status":"publish","type":"page","link":"https:\/\/craftor.se\/en\/om-oss\/","title":{"rendered":"About us"},"content":{"rendered":"<div data-elementor-type=\"wp-page\" data-elementor-id=\"51\" class=\"elementor elementor-51\" data-elementor-post-type=\"page\">\n\t\t\t\t<div class=\"elementor-element elementor-element-2e2356ed e-flex e-con-boxed e-con e-parent\" data-id=\"2e2356ed\" data-element_type=\"container\">\n\t\t\t\t\t<div class=\"e-con-inner\">\n\t\t\t\t<div class=\"elementor-element elementor-element-224ca9a elementor-widget elementor-widget-heading\" data-id=\"224ca9a\" data-element_type=\"widget\" data-widget_type=\"heading.default\">\n\t\t\t\t<div class=\"elementor-widget-container\">\n\t\t\t\t\t<p class=\"elementor-heading-title elementor-size-default\">Craftor is an electrical power contractor that designs, builds, and maintains power networks \u2014 specializing in power facilities up to 400 kV.<\/p>\t\t\t\t<\/div>\n\t\t\t\t<\/div>\n\t\t\t\t<div class=\"elementor-element elementor-element-4be82091 elementor-widget elementor-widget-text-editor\" data-id=\"4be82091\" data-element_type=\"widget\" data-widget_type=\"text-editor.default\">\n\t\t\t\t<div class=\"elementor-widget-container\">\n\t\t\t\t\t\t\t\t\t<p><span style=\"font-weight: 400;\">Whether it is a turnkey contract or a smaller assignment, our goal is always to deliver the best technical solution in the most efficient and competitive way \u2014 for the best possible outcome. Since the company was founded in 1983, it has grown from a small installation firm into one of Sweden\u2019s leading power contractors, with more than 200 employees and some of the most advanced and specialized projects in the sector. In December 2020, Craftor became part of the Eleda Group. This provides us with unique stability and opportunities for continued development \u2014 both for our employees and the company \u2014 while allowing us to preserve the distinctive culture that has shaped Craftor for over 40 years. All our operations are carried out in line with our core values, ensuring a safe and secure workplace with excellent conditions.<\/span><\/p>\n<p><span style=\"font-weight: 400;\">Read more about Eleda<\/span><a href=\"https:\/\/eleda.se\/\" target=\"_blank\" rel=\"noopener\"> <span style=\"font-weight: 400;\">here<\/span><\/a><span style=\"font-weight: 400;\">.<\/span><\/p>\n<p><span style=\"font-weight: 400;\">Our operations are divided into Substations, Power Lines, and Distribution \u2014 each with expertise that makes them industry leaders in their respective fields. Our head office is located in Sollentuna, Stockholm, with additional offices in Lund, Gothenburg, Trollh\u00e4ttan, V\u00e4stberga (Stockholm), Alfta, G\u00e4vle, and Sundsvall.<\/span><\/p>\n<p><span style=\"font-weight: 400;\">Our operations are divided into Substations, Power Lines, and Distribution \u2014 each with expertise that makes them industry leaders in their respective fields. Our head office is located in Sollentuna, Stockholm, with additional offices in Lund, Gothenburg, Trollh\u00e4ttan, V\u00e4stberga (Stockholm), Alfta, G\u00e4vle, and Sundsvall.<\/span><\/p>\n<p><span style=\"font-weight: 400;\">Being part of Craftor entails sharing core values and beliefs.<\/span><\/p>\t\t\t\t\t\t\t\t<\/div>\n\t\t\t\t<\/div>\n\t\t\t\t<div class=\"elementor-element elementor-element-5a68010 elementor-widget elementor-widget-heading\" data-id=\"5a68010\" data-element_type=\"widget\" data-widget_type=\"heading.default\">\n\t\t\t\t<div class=\"elementor-widget-container\">\n\t\t\t\t\t<h2 class=\"elementor-heading-title elementor-size-default\">Our values<\/h2>\t\t\t\t<\/div>\n\t\t\t\t<\/div>\n\t\t\t\t<div class=\"elementor-element elementor-element-4a0b79d elementor-widget elementor-widget-heading\" data-id=\"4a0b79d\" data-element_type=\"widget\" data-widget_type=\"heading.default\">\n\t\t\t\t<div class=\"elementor-widget-container\">\n\t\t\t\t\t<h3 class=\"elementor-heading-title elementor-size-default\">Entrepreneurship \u2013 We create opportunities<\/h3>\t\t\t\t<\/div>\n\t\t\t\t<\/div>\n\t\t\t\t<div class=\"elementor-element elementor-element-5c7dba7 elementor-widget elementor-widget-text-editor\" data-id=\"5c7dba7\" data-element_type=\"widget\" data-widget_type=\"text-editor.default\">\n\t\t\t\t<div class=\"elementor-widget-container\">\n\t\t\t\t\t\t\t\t\t<p><span style=\"font-weight: 400;\">We believe in the strength, drive and will that exists in entrepreneurship. We encourage creativity and want every employee to feel free, take initiative and feel involved in our business. We see opportunities in the challenges we face.<\/span><\/p>\n<div id=\"gtx-trans\" style=\"position: absolute; left: 151px; top: 62px;\">\n<div class=\"gtx-trans-icon\">\u00a0<\/div>\n<\/div>\t\t\t\t\t\t\t\t<\/div>\n\t\t\t\t<\/div>\n\t\t\t\t<div class=\"elementor-element elementor-element-76439a0 elementor-widget elementor-widget-heading\" data-id=\"76439a0\" data-element_type=\"widget\" data-widget_type=\"heading.default\">\n\t\t\t\t<div class=\"elementor-widget-container\">\n\t\t\t\t\t<h3 class=\"elementor-heading-title elementor-size-default\">Commitment \u2013 We make a difference<\/h3>\t\t\t\t<\/div>\n\t\t\t\t<\/div>\n\t\t\t\t<div class=\"elementor-element elementor-element-79afc17 elementor-widget elementor-widget-text-editor\" data-id=\"79afc17\" data-element_type=\"widget\" data-widget_type=\"text-editor.default\">\n\t\t\t\t<div class=\"elementor-widget-container\">\n\t\t\t\t\t\t\t\t\t<p><span style=\"font-weight: 400;\">We are deeply committed to our customers and to each other. Fulfilling our promises is essential, building trust from both our clients and society. This shared commitment fosters a sense of belonging, strengthens mutual trust, and leads to positive outcomes. Craftor does more than construct infrastructure \u2014 we aim to contribute to the development of a sustainable society.<\/span><\/p>\n<div id=\"gtx-trans\" style=\"position: absolute; left: 352px; top: 62px;\">\n<div class=\"gtx-trans-icon\">\u00a0<\/div>\n<\/div>\t\t\t\t\t\t\t\t<\/div>\n\t\t\t\t<\/div>\n\t\t\t\t<div class=\"elementor-element elementor-element-d28f88d elementor-widget elementor-widget-heading\" data-id=\"d28f88d\" data-element_type=\"widget\" data-widget_type=\"heading.default\">\n\t\t\t\t<div class=\"elementor-widget-container\">\n\t\t\t\t\t<h3 class=\"elementor-heading-title elementor-size-default\">Together \u2013 We create success<\/h3>\t\t\t\t<\/div>\n\t\t\t\t<\/div>\n\t\t\t\t<div class=\"elementor-element elementor-element-f832912 elementor-widget elementor-widget-text-editor\" data-id=\"f832912\" data-element_type=\"widget\" data-widget_type=\"text-editor.default\">\n\t\t\t\t<div class=\"elementor-widget-container\">\n\t\t\t\t\t\t\t\t\t<p>Our combined expertise, together with our holistic perspective, forms the basis of our competitiveness. We show mutual respect, leverage our differences, and prioritize each other\u2019s safety. Our employees are our greatest asset, and creating a stimulating, developing, and safe workplace for our employees every day is our highest priority.\nOur values are the foundation for constantly improving and becoming a little better, every day.<br \/><br \/><\/p>\n<div id=\"gtx-trans\" style=\"position: absolute; left: 213px; top: -9px;\">\n<div class=\"gtx-trans-icon\">\u00a0<\/div>\n<\/div>\t\t\t\t\t\t\t\t<\/div>\n\t\t\t\t<\/div>\n\t\t\t\t<div class=\"elementor-element elementor-element-76ef035 elementor-widget elementor-widget-heading\" data-id=\"76ef035\" data-element_type=\"widget\" data-widget_type=\"heading.default\">\n\t\t\t\t<div class=\"elementor-widget-container\">\n\t\t\t\t\t<p class=\"elementor-heading-title elementor-size-default\">Our values are the cornerstones for us to constantly get a little better.<\/p>\t\t\t\t<\/div>\n\t\t\t\t<\/div>\n\t\t\t\t<div class=\"elementor-element elementor-element-34df0fd elementor-widget elementor-widget-video\" data-id=\"34df0fd\" data-element_type=\"widget\" data-settings=\"{&quot;youtube_url&quot;:&quot;https:\\\/\\\/youtu.be\\\/1v3tgfRJ6Bk?si=y4vNY_NfIxnUDCf7&quot;,&quot;video_type&quot;:&quot;youtube&quot;,&quot;controls&quot;:&quot;yes&quot;}\" data-widget_type=\"video.default\">\n\t\t\t\t<div class=\"elementor-widget-container\">\n\t\t\t\t\t\t\t<div class=\"elementor-wrapper elementor-open-inline\">\n\t\t\t<div class=\"elementor-video\"><\/div>\t\t<\/div>\n\t\t\t\t\t\t<\/div>\n\t\t\t\t<\/div>\n\t\t\t\t<div class=\"elementor-element elementor-element-b9abf21 elementor-widget elementor-widget-spacer\" data-id=\"b9abf21\" data-element_type=\"widget\" data-widget_type=\"spacer.default\">\n\t\t\t\t<div class=\"elementor-widget-container\">\n\t\t\t\t\t\t\t<div class=\"elementor-spacer\">\n\t\t\t<div class=\"elementor-spacer-inner\"><\/div>\n\t\t<\/div>\n\t\t\t\t\t\t<\/div>\n\t\t\t\t<\/div>\n\t\t\t\t\t<\/div>\n\t\t\t\t<\/div>\n\t\t\t\t<\/div>","protected":false},"excerpt":{"rendered":"<p>Craftor \u00e4r en elkraftentrepren\u00f6r som projekterar, bygger och underh\u00e5ller eln\u00e4t \u2013 specialiserade p\u00e5 kraftanl\u00e4ggningar upp till 400 kV. Oavsett om det \u00e4r totalentreprenad eller mindre uppdrag har vi som m\u00e5l att leverera den b\u00e4sta tekniska l\u00f6sningen p\u00e5 det mest effektiva och konkurrenskraftiga s\u00e4ttet \u2013 f\u00f6r b\u00e4sta resultat. Sedan f\u00f6retaget grundades 1983 har det utvecklats fr\u00e5n [&hellip;]<\/p>","protected":false},"author":1,"featured_media":155,"parent":0,"menu_order":0,"comment_status":"closed","ping_status":"closed","template":"","meta":{"_acf_changed":false,"footnotes":""},"class_list":["post-51","page","type-page","status-publish","has-post-thumbnail","hentry"],"acf":[],"_links":{"self":[{"href":"https:\/\/craftor.se\/en\/wp-json\/wp\/v2\/pages\/51","targetHints":{"allow":["GET"]}}],"collection":[{"href":"https:\/\/craftor.se\/en\/wp-json\/wp\/v2\/pages"}],"about":[{"href":"https:\/\/craftor.se\/en\/wp-json\/wp\/v2\/types\/page"}],"author":[{"embeddable":true,"href":"https:\/\/craftor.se\/en\/wp-json\/wp\/v2\/users\/1"}],"replies":[{"embeddable":true,"href":"https:\/\/craftor.se\/en\/wp-json\/wp\/v2\/comments?post=51"}],"version-history":[{"count":15,"href":"https:\/\/craftor.se\/en\/wp-json\/wp\/v2\/pages\/51\/revisions"}],"predecessor-version":[{"id":3571,"href":"https:\/\/craftor.se\/en\/wp-json\/wp\/v2\/pages\/51\/revisions\/3571"}],"wp:featuredmedia":[{"embeddable":true,"href":"https:\/\/craftor.se\/en\/wp-json\/wp\/v2\/media\/155"}],"wp:attachment":[{"href":"https:\/\/craftor.se\/en\/wp-json\/wp\/v2\/media?parent=51"}],"curies":[{"name":"wp","href":"https:\/\/api.w.org\/{rel}","templated":true}]}}