{"id":653,"date":"2019-12-02T14:40:01","date_gmt":"2019-12-02T12:40:01","guid":{"rendered":"https:\/\/craftor.se\/?page_id=653"},"modified":"2025-04-11T14:15:08","modified_gmt":"2025-04-11T12:15:08","slug":"varumarke","status":"publish","type":"page","link":"https:\/\/craftor.se\/en\/om-oss\/varumarke\/","title":{"rendered":"Trademark"},"content":{"rendered":"<p class=\"has-text-align-left\"><strong>The graphic profile forms the basis for the image of Craftor that is given in printed matter, on the web, advertisements and in the workplace. <\/strong>It contributes to a unified and consistent visual identity and creates recognition and desired positive associations while at the same time reinforcing the unity of everyone who works at Craftor.<\/p>\n\n\n\n<p class=\"has-text-align-left\">Our visual identity should also convey Craftor\u2019s core values \u200b\u200b- how we want the company to be perceived. A Craftor that is modern, professional and with the best technical solutions. Through words and pictures, we are going to convey a company that we are proud of and that arouses the curiosity, attention and interest of our target groups.<\/p>\n\n\n\n<p class=\"has-text-align-left\">This graphic manual describes Craftor\u2019s visual identity. Here you will find a framework for logos, colors, fonts and designs. Use the manual as a tool to create a uniform visual image of Craftor. It strengthens our brand and helps build confidence in our business.<\/p>\n\n\n\n<p class=\"has-text-align-left\">Stockholm September 2019<\/p>\n\n\n\n<div style=\"height:50px\" aria-hidden=\"true\" class=\"wp-block-spacer\"><\/div>\n\n\n\n<div class=\"wp-block-cover is-light\"><span aria-hidden=\"true\" class=\"wp-block-cover__background has-background-dim-40 has-background-dim\"><\/span><img fetchpriority=\"high\" decoding=\"async\" width=\"2400\" height=\"1600\" class=\"wp-block-cover__image-background wp-image-1955\" alt=\"\" src=\"https:\/\/media.craftor.se\/2022\/08\/Part-of-eleda-bild-grafisk-profil-1.jpg\" style=\"object-position:57% 68%\" data-object-fit=\"cover\" data-object-position=\"57% 68%\" srcset=\"https:\/\/craftor.se\/wp-content\/uploads\/2022\/08\/Part-of-eleda-bild-grafisk-profil-1.jpg 2400w, https:\/\/craftor.se\/wp-content\/uploads\/2022\/08\/Part-of-eleda-bild-grafisk-profil-1-640x427.jpg 640w, https:\/\/craftor.se\/wp-content\/uploads\/2022\/08\/Part-of-eleda-bild-grafisk-profil-1-1600x1067.jpg 1600w, https:\/\/craftor.se\/wp-content\/uploads\/2022\/08\/Part-of-eleda-bild-grafisk-profil-1-768x512.jpg 768w, https:\/\/craftor.se\/wp-content\/uploads\/2022\/08\/Part-of-eleda-bild-grafisk-profil-1-1536x1024.jpg 1536w, https:\/\/craftor.se\/wp-content\/uploads\/2022\/08\/Part-of-eleda-bild-grafisk-profil-1-2048x1365.jpg 2048w, https:\/\/craftor.se\/wp-content\/uploads\/2022\/08\/Part-of-eleda-bild-grafisk-profil-1-1920x1280.jpg 1920w, https:\/\/craftor.se\/wp-content\/uploads\/2022\/08\/Part-of-eleda-bild-grafisk-profil-1-1024x683.jpg 1024w\" sizes=\"(max-width: 2400px) 100vw, 2400px\" \/><div class=\"wp-block-cover__inner-container is-layout-flow wp-block-cover-is-layout-flow\">\n<p class=\"has-text-align-center action-button has-white-color has-text-color has-medium-font-size\"><a href=\"https:\/\/craftor.se\/wp-content\/uploads\/2022\/08\/Craftor_grafisk-profil_2022-1.pdf\" target=\"_blank\" rel=\"noreferrer noopener\">Graphic profile<\/a><\/p>\n<\/div><\/div>\n\n\n\n<div style=\"height:40px\" aria-hidden=\"true\" class=\"wp-block-spacer\"><\/div>\n\n\n\n<h2 class=\"wp-block-heading has-text-align-left has-medium-font-size\">Here you will find our logos<\/h2>\n\n\n\n<div class=\"wp-block-columns has-background is-layout-flex wp-container-core-columns-is-layout-28f84493 wp-block-columns-is-layout-flex\" style=\"background-color:#e8e8e8\">\n<div class=\"wp-block-column is-layout-flow wp-block-column-is-layout-flow\">\n<div class=\"wp-block-media-text is-stacked-on-mobile\" style=\"grid-template-columns:40% auto\"><figure class=\"wp-block-media-text__media\"><img decoding=\"async\" width=\"640\" height=\"188\" src=\"https:\/\/media.craftor.se\/2022\/09\/craftor-eleda-640x188.png\" alt=\"\" class=\"wp-image-1969 size-medium\" srcset=\"https:\/\/craftor.se\/wp-content\/uploads\/2022\/09\/craftor-eleda-640x188.png 640w, https:\/\/craftor.se\/wp-content\/uploads\/2022\/09\/craftor-eleda-768x226.png 768w, https:\/\/craftor.se\/wp-content\/uploads\/2022\/09\/craftor-eleda.png 1000w\" sizes=\"(max-width: 640px) 100vw, 640px\" \/><\/figure><div class=\"wp-block-media-text__content\">\n<p>Craftor standard<br><small>Download for<br><a href=\"https:\/\/craftor.se\/wp-content\/uploads\/2022\/09\/craftor-eleda.pdf\">Print (.pdf)<\/a> <\/small>|<small> <a href=\"https:\/\/craftor.se\/wp-content\/uploads\/2022\/04\/craftor-eleda.png\">Web (.png)<\/a><\/small><\/p>\n<\/div><\/div>\n<\/div>\n\n\n\n<div class=\"wp-block-column is-layout-flow wp-block-column-is-layout-flow\">\n<div class=\"wp-block-media-text is-stacked-on-mobile\" style=\"grid-template-columns:40% auto\"><figure class=\"wp-block-media-text__media\"><img decoding=\"async\" width=\"1000\" height=\"294\" src=\"https:\/\/media.craftor.se\/2022\/09\/craftor-eleda-neg.png\" alt=\"\" class=\"wp-image-1970 size-medium\" srcset=\"https:\/\/craftor.se\/wp-content\/uploads\/2022\/09\/craftor-eleda-neg.png 1000w, https:\/\/craftor.se\/wp-content\/uploads\/2022\/09\/craftor-eleda-neg-640x188.png 640w, https:\/\/craftor.se\/wp-content\/uploads\/2022\/09\/craftor-eleda-neg-768x226.png 768w\" sizes=\"(max-width: 1000px) 100vw, 1000px\" \/><\/figure><div class=\"wp-block-media-text__content\">\n<p>Craftor negative<br><small>Download for<br><a href=\"https:\/\/craftor.se\/wp-content\/uploads\/2022\/09\/craftor-eleda-neg.pdf\">Print (.pdf)<\/a> | <a href=\"https:\/\/craftor.se\/wp-content\/uploads\/2022\/09\/craftor-eleda-neg.png\">Web (.png)<\/a><\/small><\/p>\n<\/div><\/div>\n<\/div>\n<\/div>\n\n\n\n<div class=\"wp-block-columns has-background is-layout-flex wp-container-core-columns-is-layout-28f84493 wp-block-columns-is-layout-flex\" style=\"background-color:#e8e8e8\">\n<div class=\"wp-block-column is-layout-flow wp-block-column-is-layout-flow\">\n<div class=\"wp-block-media-text is-stacked-on-mobile\" style=\"grid-template-columns:40% auto\"><figure class=\"wp-block-media-text__media\"><img loading=\"lazy\" decoding=\"async\" width=\"640\" height=\"188\" src=\"https:\/\/media.craftor.se\/2022\/09\/craftor-eleda-neg-bw-640x188.png\" alt=\"\" class=\"wp-image-1968 size-medium\" srcset=\"https:\/\/craftor.se\/wp-content\/uploads\/2022\/09\/craftor-eleda-neg-bw-640x188.png 640w, https:\/\/craftor.se\/wp-content\/uploads\/2022\/09\/craftor-eleda-neg-bw-768x226.png 768w, https:\/\/craftor.se\/wp-content\/uploads\/2022\/09\/craftor-eleda-neg-bw.png 1000w\" sizes=\"(max-width: 640px) 100vw, 640px\" \/><\/figure><div class=\"wp-block-media-text__content\">\n<p>Craftor Sv\/v negative<br><small>Download for<br><a href=\"https:\/\/craftor.se\/wp-content\/uploads\/2022\/09\/craftor-eleda-neg-bw.pdf\">Print (.pdf)<\/a> | <a href=\"https:\/\/craftor.se\/wp-content\/uploads\/2022\/09\/craftor-eleda-neg-bw.png\">Web (.png)<\/a><\/small><\/p>\n<\/div><\/div>\n<\/div>\n\n\n\n<div class=\"wp-block-column is-layout-flow wp-block-column-is-layout-flow\">\n<div class=\"wp-block-media-text is-stacked-on-mobile\" style=\"grid-template-columns:40% auto\"><figure class=\"wp-block-media-text__media\"><img loading=\"lazy\" decoding=\"async\" width=\"640\" height=\"188\" src=\"https:\/\/media.craftor.se\/2022\/09\/craftor-eleda-bw-640x188.png\" alt=\"\" class=\"wp-image-1971 size-medium\" srcset=\"https:\/\/craftor.se\/wp-content\/uploads\/2022\/09\/craftor-eleda-bw-640x188.png 640w, https:\/\/craftor.se\/wp-content\/uploads\/2022\/09\/craftor-eleda-bw-768x226.png 768w, https:\/\/craftor.se\/wp-content\/uploads\/2022\/09\/craftor-eleda-bw.png 1000w\" sizes=\"(max-width: 640px) 100vw, 640px\" \/><\/figure><div class=\"wp-block-media-text__content\">\n<p>Craftor Sv\/v<br><small>Download for<br><a href=\"https:\/\/craftor.se\/wp-content\/uploads\/2022\/09\/craftor-eleda-bw.pdf\">Print (.pdf)<\/a> | <a href=\"https:\/\/craftor.se\/wp-content\/uploads\/2022\/09\/craftor-eleda-bw.png\">Web (.png)<\/a><\/small><\/p>\n<\/div><\/div>\n<\/div>\n<\/div>","protected":false},"excerpt":{"rendered":"<p>Den grafiska profilen utg\u00f6r grunden f\u00f6r den bild av Craftor som ges i trycksaker, p\u00e5 webben, annonser och p\u00e5 arbetsplatsen. Den bidrar till en enhetlig och konsekvent visuell identitet och skapar igenk\u00e4nnande och \u00f6nskade positiva associationer samtidigt som den f\u00f6rst\u00e4rker samh\u00f6righeten f\u00f6r alla som arbetar inom Craftor. V\u00e5r visuella identitet ska ocks\u00e5 f\u00f6rmedla Craftors k\u00e4rnv\u00e4rden [&hellip;]<\/p>","protected":false},"author":1,"featured_media":1955,"parent":51,"menu_order":0,"comment_status":"closed","ping_status":"closed","template":"","meta":{"_acf_changed":false,"footnotes":""},"class_list":["post-653","page","type-page","status-publish","has-post-thumbnail","hentry"],"acf":[],"_links":{"self":[{"href":"https:\/\/craftor.se\/en\/wp-json\/wp\/v2\/pages\/653","targetHints":{"allow":["GET"]}}],"collection":[{"href":"https:\/\/craftor.se\/en\/wp-json\/wp\/v2\/pages"}],"about":[{"href":"https:\/\/craftor.se\/en\/wp-json\/wp\/v2\/types\/page"}],"author":[{"embeddable":true,"href":"https:\/\/craftor.se\/en\/wp-json\/wp\/v2\/users\/1"}],"replies":[{"embeddable":true,"href":"https:\/\/craftor.se\/en\/wp-json\/wp\/v2\/comments?post=653"}],"version-history":[{"count":0,"href":"https:\/\/craftor.se\/en\/wp-json\/wp\/v2\/pages\/653\/revisions"}],"up":[{"embeddable":true,"href":"https:\/\/craftor.se\/en\/wp-json\/wp\/v2\/pages\/51"}],"wp:featuredmedia":[{"embeddable":true,"href":"https:\/\/craftor.se\/en\/wp-json\/wp\/v2\/media\/1955"}],"wp:attachment":[{"href":"https:\/\/craftor.se\/en\/wp-json\/wp\/v2\/media?parent=653"}],"curies":[{"name":"wp","href":"https:\/\/api.w.org\/{rel}","templated":true}]}}