{"id":83,"date":"2019-09-23T11:42:10","date_gmt":"2019-09-23T09:42:10","guid":{"rendered":"https:\/\/craftor.se\/?page_id=83"},"modified":"2023-09-16T09:48:53","modified_gmt":"2023-09-16T07:48:53","slug":"contact","status":"publish","type":"page","link":"https:\/\/craftor.se\/en\/contact\/","title":{"rendered":"Contact"},"content":{"rendered":"<p><strong>HQ<\/strong> :<br>Craftor AB <br>Rotebergsv\u00e4gen 3<br>192 78 Sollentuna<br>08-754 92 90<\/p>\n\n\n\n<p>Orgnr: 556472-1164 <\/p>\n\n\n\n<p><strong>Establishments :<\/strong><br><br>Stockholm S\u00f6dra<br>Elektrav\u00e4gen 31<br>126 30 H\u00e4gersten<\/p>\n\n\n\n<p>G\u00f6teborg<br>Exportgatan 38 B<br>422 46 Hisings Backa<\/p>\n\n\n\n<p>G\u00e4vle<br>Kryddstigen 35<br>802 92 G\u00e4vle<\/p>\n\n\n\n<p>Allings\u00e5s<br>Kristineholmsv\u00e4gen 12<br>441 39 Alings\u00e5s<\/p>\n\n\n\n<p>Trollh\u00e4ttan<br>Nohabgatan 12B<br>461 53 Trollh\u00e4ttan<\/p>\n\n\n\n<p>Lund<br>Sellerigatan 14<br>224 78 Lund<\/p>\n\n\n\n<p>Sundsvall<br>Bj\u00e4lkv\u00e4gen 13<br>856 41 Sundsvall<\/p>\n\n\n\n<p>Sollefte\u00e5<br>H\u00e5gesta 221<br>881 41 Sollefte\u00e5<\/p>\n\n\n\n<p>Ume\u00e5<br>Bj\u00f6rnv\u00e4gen 15E<br>906 40 Ume\u00e5<\/p>\n\n\n\n<p>Want to get in contact with us at Craftor? Send us an email at:<br><a href=\"mailto:ledningen@craftor.se\">info@craftor.se<\/a><\/p>\n\n\n\n<figure><iframe src=\"https:\/\/www.google.com\/maps\/embed?pb=!1m18!1m12!1m3!1d2025.4959977755414!2d17.92205931651524!3d59.49149730505087!2m3!1f0!2f0!3f0!3m2!1i1024!2i768!4f13.1!3m3!1m2!1s0x465f9861b930f98b%3A0x29ce199e2cc39ce6!2sCraftor%20AB!5e0!3m2!1ssv!2sse!4v1569389697594!5m2!1ssv!2sse\" width=\"100%\" height=\"300\" allowfullscreen=\"\"><\/iframe><\/figure>","protected":false},"excerpt":{"rendered":"<p>HQ :Craftor AB Rotebergsv\u00e4gen 3192 78 Sollentuna08-754 92 90 Orgnr: 556472-1164 Establishments : Stockholm S\u00f6draElektrav\u00e4gen 31126 30 H\u00e4gersten G\u00f6teborgExportgatan 38 B422 46 Hisings Backa G\u00e4vleKryddstigen 35802 92 G\u00e4vle Allings\u00e5sKristineholmsv\u00e4gen 12441 39 Alings\u00e5s Trollh\u00e4ttanNohabgatan 12B461 53 Trollh\u00e4ttan LundSellerigatan 14224 78 Lund SundsvallBj\u00e4lkv\u00e4gen 13856 41 Sundsvall Sollefte\u00e5H\u00e5gesta 221881 41 Sollefte\u00e5 Ume\u00e5Bj\u00f6rnv\u00e4gen 15E906 40 Ume\u00e5 Want to get [&hellip;]<\/p>","protected":false},"author":1,"featured_media":156,"parent":0,"menu_order":0,"comment_status":"closed","ping_status":"closed","template":"elementor_header_footer","meta":{"_acf_changed":false,"footnotes":""},"class_list":["post-83","page","type-page","status-publish","has-post-thumbnail","hentry"],"acf":[],"_links":{"self":[{"href":"https:\/\/craftor.se\/en\/wp-json\/wp\/v2\/pages\/83","targetHints":{"allow":["GET"]}}],"collection":[{"href":"https:\/\/craftor.se\/en\/wp-json\/wp\/v2\/pages"}],"about":[{"href":"https:\/\/craftor.se\/en\/wp-json\/wp\/v2\/types\/page"}],"author":[{"embeddable":true,"href":"https:\/\/craftor.se\/en\/wp-json\/wp\/v2\/users\/1"}],"replies":[{"embeddable":true,"href":"https:\/\/craftor.se\/en\/wp-json\/wp\/v2\/comments?post=83"}],"version-history":[{"count":0,"href":"https:\/\/craftor.se\/en\/wp-json\/wp\/v2\/pages\/83\/revisions"}],"wp:featuredmedia":[{"embeddable":true,"href":"https:\/\/craftor.se\/en\/wp-json\/wp\/v2\/media\/156"}],"wp:attachment":[{"href":"https:\/\/craftor.se\/en\/wp-json\/wp\/v2\/media?parent=83"}],"curies":[{"name":"wp","href":"https:\/\/api.w.org\/{rel}","templated":true}]}}